{"id":146397,"date":"2026-02-25T18:33:50","date_gmt":"2026-02-25T17:33:50","guid":{"rendered":"https:\/\/www.herbashopping.eu\/produkt\/microbiotic-max-40g\/"},"modified":"2026-04-03T14:59:04","modified_gmt":"2026-04-03T12:59:04","slug":"microbiotic-max-40g","status":"publish","type":"product","link":"https:\/\/www.herbashopping.eu\/fr\/produit\/microbiotic-max-40g\/","title":{"rendered":"Microbiotic Max 40g"},"content":{"rendered":"<div class=\"wpb-content-wrapper\"><p>[vc_row row_height_percent=\u00a0\u00bb0&Prime; override_padding=\u00a0\u00bbyes\u00a0\u00bb h_padding=\u00a0\u00bb2&Prime; top_padding=\u00a0\u00bb2&Prime; bottom_padding=\u00a0\u00bb3&Prime; overlay_alpha=\u00a0\u00bb50&Prime; gutter_size=\u00a0\u00bb3&Prime; column_width_percent=\u00a0\u00bb100&Prime; shift_y=\u00a0\u00bb0&Prime; z_index=\u00a0\u00bb0&Prime; content_parallax=\u00a0\u00bb0&Prime; uncode_shortcode_id=\u00a0\u00bb206173&Prime;][vc_column width=\u00a0\u00bb5\/6&Prime;][vc_custom_heading uncode_shortcode_id=\u00a0\u00bb893322&Prime;]Microbiotic Max 40g[\/vc_custom_heading][vc_column_text uncode_shortcode_id=\u00a0\u00bb362952&Prime;]Microbiotic Max a \u00e9t\u00e9 d\u00e9velopp\u00e9 pour t&rsquo;offrir une combinaison de probiotiques et de fibres pr\u00e9biotiques qui agissent en harmonie pour t&rsquo;aider \u00e0 atteindre tes objectifs nutritionnels. Chaque portion contient 2 milliards de bact\u00e9ries vivantes des souches Lactobacillus helveticus et Bifidobacterium lactis. Ce produit est riche en fibres et est disponible sous forme de poudre en sachets individuels, parfaits pour les d\u00e9placements. Savoure Microbiotic Max au subtil go\u00fbt de vanille, m\u00e9lang\u00e9 \u00e0 de l&rsquo;eau ou \u00e0 ton shake Formula 1 pr\u00e9f\u00e9r\u00e9.[\/vc_column_text][\/vc_column][vc_column width=\u00a0\u00bb1\/6&Prime;][vc_button button_color=\u00a0\u00bbaccent\u00a0\u00bb radius=\u00a0\u00bbbtn-circle\u00a0\u00bb outline=\u00a0\u00bbyes\u00a0\u00bb border_width=\u00a0\u00bb0&Prime; uncode_shortcode_id=\u00a0\u00bb223786&Prime; link=\u00a0\u00bburl:https%3A%2F%2Fwww.herbalife.com%2Fassets%2Fmarket-reusable-assets%2Femea%2Faustria%2Fdocuments%2Fproduct-label%2Fpl-173k-at.pdf|target:_blank|rel:nofollow|\u00a0\u00bb button_color_type=\u00a0\u00bbuncode-palette\u00a0\u00bb icon=\u00a0\u00bbfa fa-list2&Prime;]Ingr\u00e9dients[\/vc_button][\/vc_column][\/vc_row][vc_row unlock_row=\u00a0\u00bb\u00a0\u00bb row_height_percent=\u00a0\u00bb0&Prime; overlay_alpha=\u00a0\u00bb50&Prime; gutter_size=\u00a0\u00bb3&Prime; column_width_percent=\u00a0\u00bb100&Prime; shift_y=\u00a0\u00bb0&Prime; z_index=\u00a0\u00bb0&Prime; content_parallax=\u00a0\u00bb0&Prime; uncode_shortcode_id=\u00a0\u00bb192300&Prime;][vc_column column_width_percent=\u00a0\u00bb100&Prime; gutter_size=\u00a0\u00bb3&Prime; back_color=\u00a0\u00bbcolor-536347&Prime; overlay_alpha=\u00a0\u00bb50&Prime; radius=\u00a0\u00bblg\u00a0\u00bb shift_x=\u00a0\u00bb0&Prime; shift_y=\u00a0\u00bb0&Prime; shift_y_down=\u00a0\u00bb0&Prime; z_index=\u00a0\u00bb0&Prime; medium_width=\u00a0\u00bb0&Prime; mobile_width=\u00a0\u00bb0&Prime; width=\u00a0\u00bb1\/1&Prime; uncode_shortcode_id=\u00a0\u00bb105734&Prime; back_color_type=\u00a0\u00bbuncode-palette\u00a0\u00bb][vc_custom_heading uncode_shortcode_id=\u00a0\u00bb920104&Prime;]Les principaux avantages[\/vc_custom_heading][vc_column_text uncode_shortcode_id=\u00a0\u00bb166172&Prime;]\u2022 Contient une combinaison de probiotiques et de fibres pr\u00e9biotiques<br \/>\n\u2022 Fournit 2 milliards de bact\u00e9ries vivantes (UFC) par portion<br \/>\n\u2022 Sans gluten<br \/>\n\u2022 Teneur \u00e9lev\u00e9e en fibres<br \/>\n\u2022 Sans sucres ajout\u00e9s<br \/>\n\u2022 Ne contient ni \u00e9dulcorants, ni colorants, ni conservateurs<br \/>\n\u2022 Go\u00fbt vanille<br \/>\n\u2022 Aucune r\u00e9frig\u00e9ration n\u00e9cessaire<br \/>\n\u2022 Disponible en bo\u00eete de 20 sachets individuels<br \/>\n\u2022 Parfait pour les d\u00e9placements[\/vc_column_text][\/vc_column][\/vc_row]<\/p>\n<\/div>","protected":false},"excerpt":{"rendered":"<p>Poudre de probiotiques avec 2 milliards de bact\u00e9ries vivantes &amp; des fibres pr\u00e9biotiques. Go\u00fbt vanille, sachets pratiques pour les d\u00e9placements. 40 g pour ta sant\u00e9 intestinale !<\/p>\n<p class=\"etikett-ah\"><a href=\"https:\/\/www.herbalife.com\/assets\/market-reusable-assets\/emea\/france\/documents\/product-label\/pl-173k-fr.pdf\" target=\"_blank\" rel=\"noopener\">Ingr\u00e9dients &amp; Valeurs nutritionnelles<\/a><\/p>\n","protected":false},"featured_media":146399,"comment_status":"open","ping_status":"closed","template":"","meta":[],"product_brand":[],"product_cat":[301,294,299],"product_tag":[],"class_list":{"0":"post-146397","1":"product","2":"type-product","3":"status-publish","4":"has-post-thumbnail","6":"product_cat-complements-alimentaires","7":"product_cat-fibres","8":"product_cat-sante-intestinale","10":"first","11":"instock","12":"sale","13":"taxable","14":"shipping-taxable","15":"purchasable","16":"product-type-simple"},"_links":{"self":[{"href":"https:\/\/www.herbashopping.eu\/fr\/wp-json\/wp\/v2\/product\/146397","targetHints":{"allow":["GET"]}}],"collection":[{"href":"https:\/\/www.herbashopping.eu\/fr\/wp-json\/wp\/v2\/product"}],"about":[{"href":"https:\/\/www.herbashopping.eu\/fr\/wp-json\/wp\/v2\/types\/product"}],"replies":[{"embeddable":true,"href":"https:\/\/www.herbashopping.eu\/fr\/wp-json\/wp\/v2\/comments?post=146397"}],"wp:featuredmedia":[{"embeddable":true,"href":"https:\/\/www.herbashopping.eu\/fr\/wp-json\/wp\/v2\/media\/146399"}],"wp:attachment":[{"href":"https:\/\/www.herbashopping.eu\/fr\/wp-json\/wp\/v2\/media?parent=146397"}],"wp:term":[{"taxonomy":"product_brand","embeddable":true,"href":"https:\/\/www.herbashopping.eu\/fr\/wp-json\/wp\/v2\/product_brand?post=146397"},{"taxonomy":"product_cat","embeddable":true,"href":"https:\/\/www.herbashopping.eu\/fr\/wp-json\/wp\/v2\/product_cat?post=146397"},{"taxonomy":"product_tag","embeddable":true,"href":"https:\/\/www.herbashopping.eu\/fr\/wp-json\/wp\/v2\/product_tag?post=146397"}],"curies":[{"name":"wp","href":"https:\/\/api.w.org\/{rel}","templated":true}]}}