{"id":146401,"date":"2026-02-25T18:33:45","date_gmt":"2026-02-25T17:33:45","guid":{"rendered":"https:\/\/www.herbashopping.eu\/produkt\/formula-3-personalized-protein-powder-240-g\/"},"modified":"2026-04-03T14:57:16","modified_gmt":"2026-04-03T12:57:16","slug":"formula-3-personalized-protein-powder-240-g","status":"publish","type":"product","link":"https:\/\/www.herbashopping.eu\/fr\/produit\/formula-3-personalized-protein-powder-240-g\/","title":{"rendered":"Formula 3 &#8211; Personalized Protein Powder 240 g"},"content":{"rendered":"<div class=\"wpb-content-wrapper\"><p>[vc_row row_height_percent=\u00a0\u00bb0&Prime; override_padding=\u00a0\u00bbyes\u00a0\u00bb h_padding=\u00a0\u00bb2&Prime; top_padding=\u00a0\u00bb2&Prime; bottom_padding=\u00a0\u00bb3&Prime; overlay_alpha=\u00a0\u00bb50&Prime; gutter_size=\u00a0\u00bb3&Prime; column_width_percent=\u00a0\u00bb100&Prime; shift_y=\u00a0\u00bb0&Prime; z_index=\u00a0\u00bb0&Prime; content_parallax=\u00a0\u00bb0&Prime; uncode_shortcode_id=\u00a0\u00bb206173&Prime;][vc_column width=\u00a0\u00bb5\/6&Prime;][vc_custom_heading uncode_shortcode_id=\u00a0\u00bb893322&Prime;]Formula 3 &#8211; Personalized Protein Powder 240 g[\/vc_custom_heading][vc_column_text uncode_shortcode_id=\u00a0\u00bb106304&Prime;]<strong>Formula 3 &#8211; Personalized Protein Powder &#8211; Optimise ton apport en prot\u00e9ines avec ce m\u00e9lange de lactos\u00e9rum et de soja.<\/strong><\/p>\n<p>Ce m\u00e9lange de prot\u00e9ines polyvalent a \u00e9t\u00e9 con\u00e7u pour t\u2019aider \u00e0 optimiser ton alimentation et \u00e0 couvrir tes besoins quotidiens en prot\u00e9ines.<\/p>\n<p>Formula 3 Personalized Protein Powder se compose d\u2019un m\u00e9lange de prot\u00e9ines de lactos\u00e9rum et de prot\u00e9ines de soja de haute qualit\u00e9, qui contribue au maintien et \u00e0 la croissance de la masse musculaire.<\/p>\n<p>Personalized Protein Powder t\u2019aide \u00e0 prendre le contr\u00f4le de ton apport quotidien en prot\u00e9ines. Gr\u00e2ce \u00e0 son go\u00fbt neutre, cette poudre s\u2019int\u00e8gre facilement aux boissons et aux repas d\u00e8s que tu as besoin d\u2019une portion suppl\u00e9mentaire de prot\u00e9ines. Ajoute-la simplement \u00e0 tes shakes, smoothies, soupes et sauces quotidiens pour augmenter ton apport en prot\u00e9ines.[\/vc_column_text][\/vc_column][vc_column width=\u00a0\u00bb1\/6&Prime;][vc_button button_color=\u00a0\u00bbaccent\u00a0\u00bb radius=\u00a0\u00bbbtn-circle\u00a0\u00bb outline=\u00a0\u00bbyes\u00a0\u00bb border_width=\u00a0\u00bb0&Prime; uncode_shortcode_id=\u00a0\u00bb609836&Prime; link=\u00a0\u00bburl:https%3A%2F%2Fwww.herbalife.com%2Fassets%2Fmarket-reusable-assets%2Femea%2Ffrance%2Fdocuments%2Fproduct-label%2Fpl-0242-fr.pdf|target:_blank|rel:nofollow\u00a0\u00bb button_color_type=\u00a0\u00bbuncode-palette\u00a0\u00bb icon=\u00a0\u00bbfa fa-list2&Prime;]Ingr\u00e9dients[\/vc_button][\/vc_column][\/vc_row][vc_row unlock_row=\u00a0\u00bb\u00a0\u00bb row_height_percent=\u00a0\u00bb0&Prime; overlay_alpha=\u00a0\u00bb50&Prime; gutter_size=\u00a0\u00bb3&Prime; column_width_percent=\u00a0\u00bb100&Prime; shift_y=\u00a0\u00bb0&Prime; z_index=\u00a0\u00bb0&Prime; content_parallax=\u00a0\u00bb0&Prime; uncode_shortcode_id=\u00a0\u00bb192300&Prime;][vc_column column_width_percent=\u00a0\u00bb100&Prime; gutter_size=\u00a0\u00bb3&Prime; back_color=\u00a0\u00bbcolor-536347&Prime; overlay_alpha=\u00a0\u00bb50&Prime; radius=\u00a0\u00bblg\u00a0\u00bb shift_x=\u00a0\u00bb0&Prime; shift_y=\u00a0\u00bb0&Prime; shift_y_down=\u00a0\u00bb0&Prime; z_index=\u00a0\u00bb0&Prime; medium_width=\u00a0\u00bb0&Prime; mobile_width=\u00a0\u00bb0&Prime; width=\u00a0\u00bb1\/1&Prime; uncode_shortcode_id=\u00a0\u00bb105734&Prime; back_color_type=\u00a0\u00bbuncode-palette\u00a0\u00bb][vc_custom_heading uncode_shortcode_id=\u00a0\u00bb920104&Prime;]Les principaux avantages[\/vc_custom_heading][vc_column_text uncode_shortcode_id=\u00a0\u00bb214207&Prime;]<\/p>\n<ul>\n<li>Contient 5 g de prot\u00e9ines de soja et de lactos\u00e9rum de haute qualit\u00e9 par portion<\/li>\n<li>23 kcal par portion<\/li>\n<li>Polyvalent gr\u00e2ce \u00e0 son go\u00fbt neutre<\/li>\n<li>Offre un boost de prot\u00e9ines facile \u00e0 m\u00e9langer<\/li>\n<li>Contient 40 portions<\/li>\n<\/ul>\n<p>[\/vc_column_text][\/vc_column][\/vc_row][vc_row unlock_row=\u00a0\u00bb\u00a0\u00bb row_height_percent=\u00a0\u00bb0&Prime; override_padding=\u00a0\u00bbyes\u00a0\u00bb h_padding=\u00a0\u00bb2&Prime; top_padding=\u00a0\u00bb4&Prime; bottom_padding=\u00a0\u00bb4&Prime; overlay_alpha=\u00a0\u00bb50&Prime; gutter_size=\u00a0\u00bb3&Prime; column_width_percent=\u00a0\u00bb100&Prime; shift_y=\u00a0\u00bb0&Prime; z_index=\u00a0\u00bb0&Prime; content_parallax=\u00a0\u00bb0&Prime; uncode_shortcode_id=\u00a0\u00bb592932&Prime;][vc_column column_width_percent=\u00a0\u00bb100&Prime; gutter_size=\u00a0\u00bb3&Prime; overlay_alpha=\u00a0\u00bb50&Prime; shift_x=\u00a0\u00bb0&Prime; shift_y=\u00a0\u00bb0&Prime; shift_y_down=\u00a0\u00bb0&Prime; z_index=\u00a0\u00bb0&Prime; medium_width=\u00a0\u00bb0&Prime; mobile_width=\u00a0\u00bb0&Prime; width=\u00a0\u00bb1\/1&Prime; uncode_shortcode_id=\u00a0\u00bb611981&Prime;][vc_icon position=\u00a0\u00bbleft\u00a0\u00bb space_reduced=\u00a0\u00bbyes\u00a0\u00bb display=\u00a0\u00bbinline\u00a0\u00bb icon=\u00a0\u00bbfa fa-book4&Prime; icon_color=\u00a0\u00bbaccent\u00a0\u00bb size=\u00a0\u00bbfa-2x\u00a0\u00bb uncode_shortcode_id=\u00a0\u00bb892137&Prime; icon_color_type=\u00a0\u00bbuncode-palette\u00a0\u00bb title=\u00a0\u00bbUtilisation\u00a0\u00bb][\/vc_icon][vc_column_text uncode_shortcode_id=\u00a0\u00bb150438&Prime;]Une cuill\u00e8re \u00e0 soupe rase de poudre (6 g) apporte 5 g de prot\u00e9ines. Prends une \u00e0 quatre portions par jour. Secoue doucement avant utilisation. Cette formule simple peut \u00eatre m\u00e9lang\u00e9e \u00e0 environ 150 ml de tes boissons et plats, y compris les sauces, les soupes et les jus de viande.<\/p>\n<p>Profite de ce produit dans le cadre d\u2019une alimentation \u00e9quilibr\u00e9e et vari\u00e9e, et d\u2019un mode de vie sain et actif.<\/p>\n<p>\u00c0 conserver ferm\u00e9, dans un endroit frais et sec.[\/vc_column_text][\/vc_column][\/vc_row]<\/p>\n<\/div>","protected":false},"excerpt":{"rendered":"<p>Poudre de prot\u00e9ines personnalis\u00e9e avec 5 g de prot\u00e9ines par portion. 1 \u00e0 4 portions par jour pour un apport nutritionnel optimal. Bo\u00eete de 240 g pour un soutien durable.<\/p>\n<p class=\"etikett-ah\"><a href=\"https:\/\/www.herbalife.com\/assets\/market-reusable-assets\/emea\/france\/documents\/product-label\/pl-0242-fr.pdf\" target=\"_blank\" rel=\"noopener\">Ingr\u00e9dients<\/a><\/p>\n","protected":false},"featured_media":146404,"comment_status":"open","ping_status":"closed","template":"","meta":[],"product_brand":[],"product_cat":[300,306,289],"product_tag":[],"class_list":{"0":"post-146401","1":"product","2":"type-product","3":"status-publish","4":"has-post-thumbnail","6":"product_cat-controle-de-poids","7":"product_cat-energie-proteines","8":"product_cat-sport-fitness","9":"pa_inhaltsmenge-240-g","11":"first","12":"instock","13":"sale","14":"taxable","15":"shipping-taxable","16":"purchasable","17":"product-type-simple"},"_links":{"self":[{"href":"https:\/\/www.herbashopping.eu\/fr\/wp-json\/wp\/v2\/product\/146401","targetHints":{"allow":["GET"]}}],"collection":[{"href":"https:\/\/www.herbashopping.eu\/fr\/wp-json\/wp\/v2\/product"}],"about":[{"href":"https:\/\/www.herbashopping.eu\/fr\/wp-json\/wp\/v2\/types\/product"}],"replies":[{"embeddable":true,"href":"https:\/\/www.herbashopping.eu\/fr\/wp-json\/wp\/v2\/comments?post=146401"}],"wp:featuredmedia":[{"embeddable":true,"href":"https:\/\/www.herbashopping.eu\/fr\/wp-json\/wp\/v2\/media\/146404"}],"wp:attachment":[{"href":"https:\/\/www.herbashopping.eu\/fr\/wp-json\/wp\/v2\/media?parent=146401"}],"wp:term":[{"taxonomy":"product_brand","embeddable":true,"href":"https:\/\/www.herbashopping.eu\/fr\/wp-json\/wp\/v2\/product_brand?post=146401"},{"taxonomy":"product_cat","embeddable":true,"href":"https:\/\/www.herbashopping.eu\/fr\/wp-json\/wp\/v2\/product_cat?post=146401"},{"taxonomy":"product_tag","embeddable":true,"href":"https:\/\/www.herbashopping.eu\/fr\/wp-json\/wp\/v2\/product_tag?post=146401"}],"curies":[{"name":"wp","href":"https:\/\/api.w.org\/{rel}","templated":true}]}}