{"id":146405,"date":"2026-02-25T18:33:45","date_gmt":"2026-02-25T17:33:45","guid":{"rendered":"https:\/\/www.herbashopping.eu\/produkt\/herbalifeline-max-42-g\/"},"modified":"2026-04-03T14:57:17","modified_gmt":"2026-04-03T12:57:17","slug":"herbalifeline-max-42-g","status":"publish","type":"product","link":"https:\/\/www.herbashopping.eu\/fr\/produit\/herbalifeline-max-42-g\/","title":{"rendered":"Herbalifeline\u00ae Max 30 capsules &#8211; 42 g"},"content":{"rendered":"<div class=\"wpb-content-wrapper\"><p>[vc_row row_height_percent=\u00a0\u00bb0&Prime; override_padding=\u00a0\u00bbyes\u00a0\u00bb h_padding=\u00a0\u00bb2&Prime; top_padding=\u00a0\u00bb2&Prime; bottom_padding=\u00a0\u00bb3&Prime; overlay_alpha=\u00a0\u00bb50&Prime; gutter_size=\u00a0\u00bb3&Prime; column_width_percent=\u00a0\u00bb100&Prime; shift_y=\u00a0\u00bb0&Prime; z_index=\u00a0\u00bb0&Prime; content_parallax=\u00a0\u00bb0&Prime; uncode_shortcode_id=\u00a0\u00bb206173&Prime;][vc_column width=\u00a0\u00bb5\/6&Prime;][vc_custom_heading uncode_shortcode_id=\u00a0\u00bb893322&Prime;]Herbalifeline\u00ae Max 42 g[\/vc_custom_heading][vc_column_text uncode_shortcode_id=\u00a0\u00bb362952&Prime;]Herbalifeline\u00ae Max est un compl\u00e9ment alimentaire riche en acides gras om\u00e9ga-3 essentiels EPA et DHA, qui contribuent au maintien d&rsquo;une fonction cardiaque normale et au maintien d&rsquo;un taux normal de triglyc\u00e9rides dans le sang et d&rsquo;une tension art\u00e9rielle normale. Le DHA contribue au maintien de fonctions c\u00e9r\u00e9brales normales et d&rsquo;une vision normale.[\/vc_column_text][\/vc_column][vc_column width=\u00a0\u00bb1\/6&Prime;][vc_button button_color=\u00a0\u00bbaccent\u00a0\u00bb radius=\u00a0\u00bbbtn-circle\u00a0\u00bb outline=\u00a0\u00bbyes\u00a0\u00bb border_width=\u00a0\u00bb0&Prime; uncode_shortcode_id=\u00a0\u00bb104057&Prime; link=\u00a0\u00bburl:https%3A%2F%2Fwww.herbalife.com%2Fassets%2Fmarket-reusable-assets%2Femea%2Ffrance%2Fdocuments%2Fproduct-label%2Fpl-0043-fr.pdf|target:_blank|rel:nofollow\u00a0\u00bb button_color_type=\u00a0\u00bbuncode-palette\u00a0\u00bb icon=\u00a0\u00bbfa fa-list2&Prime;]Ingr\u00e9dients[\/vc_button][\/vc_column][\/vc_row][vc_row unlock_row=\u00a0\u00bb\u00a0\u00bb row_height_percent=\u00a0\u00bb0&Prime; overlay_alpha=\u00a0\u00bb50&Prime; gutter_size=\u00a0\u00bb3&Prime; column_width_percent=\u00a0\u00bb100&Prime; shift_y=\u00a0\u00bb0&Prime; z_index=\u00a0\u00bb0&Prime; content_parallax=\u00a0\u00bb0&Prime; uncode_shortcode_id=\u00a0\u00bb192300&Prime;][vc_column column_width_percent=\u00a0\u00bb100&Prime; gutter_size=\u00a0\u00bb3&Prime; back_color=\u00a0\u00bbcolor-536347&Prime; overlay_alpha=\u00a0\u00bb50&Prime; radius=\u00a0\u00bblg\u00a0\u00bb shift_x=\u00a0\u00bb0&Prime; shift_y=\u00a0\u00bb0&Prime; shift_y_down=\u00a0\u00bb0&Prime; z_index=\u00a0\u00bb0&Prime; medium_width=\u00a0\u00bb0&Prime; mobile_width=\u00a0\u00bb0&Prime; width=\u00a0\u00bb1\/1&Prime; uncode_shortcode_id=\u00a0\u00bb105734&Prime; back_color_type=\u00a0\u00bbuncode-palette\u00a0\u00bb][vc_custom_heading uncode_shortcode_id=\u00a0\u00bb920104&Prime;]Les principaux avantages[\/vc_custom_heading][vc_column_text uncode_shortcode_id=\u00a0\u00bb166172&Prime;]\u2022 5 b\u00e9n\u00e9fices cl\u00e9s :<\/p>\n<p>&#8211; L&rsquo;EPA et le DHA contribuent au maintien d&rsquo;une fonction cardiaque normale* (1 capsule)<\/p>\n<p>&#8211; Le DHA contribue au maintien de fonctions c\u00e9r\u00e9brales normales** (1 capsule)<\/p>\n<p>&#8211; Le DHA contribue au maintien d&rsquo;une vision normale** (1 capsule)<\/p>\n<p>&#8211; L&rsquo;EPA et le DHA contribuent au maintien d&rsquo;un taux normal de triglyc\u00e9rides dans le sang*** (4 capsules)<\/p>\n<p>&#8211; L&rsquo;EPA et le DHA contribuent au maintien d&rsquo;une tension art\u00e9rielle normale**** (5 capsules)<\/p>\n<p>\u2022 Huile de poisson d&rsquo;origine durable, accr\u00e9dit\u00e9e par Friend of the Sea<\/p>\n<p>\u2022 Huiles essentielles de thym et de menthe poivr\u00e9e pour un go\u00fbt frais<\/p>\n<p>\u2022 Tous les ingr\u00e9dients d&rsquo;Herbalifeline\u00ae Max sont contenus dans une capsule de gel v\u00e9g\u00e9tarienne<\/p>\n<p>*pour obtenir cet effet b\u00e9n\u00e9fique, tu dois consommer quotidiennement 250 mg d&rsquo;EPA et de DHA.<\/p>\n<p>**l&rsquo;effet b\u00e9n\u00e9fique est obtenu avec un apport quotidien de 250 mg de DHA.<\/p>\n<p>***l&rsquo;effet b\u00e9n\u00e9fique est obtenu avec un apport quotidien de 2 g d&rsquo;EPA et de DHA.<\/p>\n<p>****l&rsquo;effet b\u00e9n\u00e9fique est obtenu avec un apport quotidien de 3 g d&rsquo;EPA et de DHA. Un apport quotidien suppl\u00e9mentaire de 5 g d&rsquo;EPA et de DHA combin\u00e9s ne doit pas \u00eatre d\u00e9pass\u00e9<\/p>\n<p>[\/vc_column_text][\/vc_column][\/vc_row][vc_row unlock_row=\u00a0\u00bb\u00a0\u00bb row_height_percent=\u00a0\u00bb0&Prime; override_padding=\u00a0\u00bbyes\u00a0\u00bb h_padding=\u00a0\u00bb2&Prime; top_padding=\u00a0\u00bb4&Prime; bottom_padding=\u00a0\u00bb4&Prime; overlay_alpha=\u00a0\u00bb50&Prime; gutter_size=\u00a0\u00bb3&Prime; column_width_percent=\u00a0\u00bb100&Prime; shift_y=\u00a0\u00bb0&Prime; z_index=\u00a0\u00bb0&Prime; content_parallax=\u00a0\u00bb0&Prime; uncode_shortcode_id=\u00a0\u00bb592932&Prime;][vc_column column_width_percent=\u00a0\u00bb100&Prime; gutter_size=\u00a0\u00bb3&Prime; overlay_alpha=\u00a0\u00bb50&Prime; shift_x=\u00a0\u00bb0&Prime; shift_y=\u00a0\u00bb0&Prime; shift_y_down=\u00a0\u00bb0&Prime; z_index=\u00a0\u00bb0&Prime; medium_width=\u00a0\u00bb0&Prime; mobile_width=\u00a0\u00bb0&Prime; width=\u00a0\u00bb1\/1&Prime; uncode_shortcode_id=\u00a0\u00bb611981&Prime;][vc_icon position=\u00a0\u00bbleft\u00a0\u00bb space_reduced=\u00a0\u00bbyes\u00a0\u00bb display=\u00a0\u00bbinline\u00a0\u00bb icon=\u00a0\u00bbfa fa-book4&Prime; icon_color=\u00a0\u00bbaccent\u00a0\u00bb size=\u00a0\u00bbfa-2x\u00a0\u00bb uncode_shortcode_id=\u00a0\u00bb892137&Prime; icon_color_type=\u00a0\u00bbuncode-palette\u00a0\u00bb title=\u00a0\u00bbUtilisation\u00a0\u00bb][\/vc_icon][vc_column_text uncode_shortcode_id=\u00a0\u00bb201675&Prime;]<\/p>\n<p>Prends 1, 4 ou 5 capsules par jour (selon l&rsquo;effet souhait\u00e9) avec de l&rsquo;eau, de pr\u00e9f\u00e9rence au cours des repas r\u00e9partis dans la journ\u00e9e.<\/p>\n<p>[\/vc_column_text][\/vc_column][\/vc_row]<\/p>\n<\/div>","protected":false},"excerpt":{"rendered":"<p>Herbalifeline\u00ae Max avec om\u00e9ga-3 EPA &amp; DHA pour une fonction cardiaque normale, les performances c\u00e9r\u00e9brales &amp; la vision. Soutient la tension art\u00e9rielle &amp; les triglyc\u00e9rides. Commande maintenant !<\/p>\n<p class=\"etikett-ah\"><a href=\"https:\/\/www.herbalife.com\/assets\/market-reusable-assets\/emea\/france\/documents\/product-label\/pl-0043-fr.pdf\" target=\"_blank\" rel=\"noopener\">Ingr\u00e9dients<\/a><\/p>\n","protected":false},"featured_media":145288,"comment_status":"open","ping_status":"closed","template":"","meta":[],"product_brand":[],"product_cat":[297,301,295,299],"product_tag":[],"class_list":{"0":"post-146405","1":"product","2":"type-product","3":"status-publish","4":"has-post-thumbnail","6":"product_cat-bien-etre-mental","7":"product_cat-complements-alimentaires","8":"product_cat-graisses-saines","9":"product_cat-sante-intestinale","10":"pa_inhaltsmenge-42-g","12":"first","13":"instock","14":"sale","15":"taxable","16":"shipping-taxable","17":"purchasable","18":"product-type-simple"},"_links":{"self":[{"href":"https:\/\/www.herbashopping.eu\/fr\/wp-json\/wp\/v2\/product\/146405","targetHints":{"allow":["GET"]}}],"collection":[{"href":"https:\/\/www.herbashopping.eu\/fr\/wp-json\/wp\/v2\/product"}],"about":[{"href":"https:\/\/www.herbashopping.eu\/fr\/wp-json\/wp\/v2\/types\/product"}],"replies":[{"embeddable":true,"href":"https:\/\/www.herbashopping.eu\/fr\/wp-json\/wp\/v2\/comments?post=146405"}],"wp:featuredmedia":[{"embeddable":true,"href":"https:\/\/www.herbashopping.eu\/fr\/wp-json\/wp\/v2\/media\/145288"}],"wp:attachment":[{"href":"https:\/\/www.herbashopping.eu\/fr\/wp-json\/wp\/v2\/media?parent=146405"}],"wp:term":[{"taxonomy":"product_brand","embeddable":true,"href":"https:\/\/www.herbashopping.eu\/fr\/wp-json\/wp\/v2\/product_brand?post=146405"},{"taxonomy":"product_cat","embeddable":true,"href":"https:\/\/www.herbashopping.eu\/fr\/wp-json\/wp\/v2\/product_cat?post=146405"},{"taxonomy":"product_tag","embeddable":true,"href":"https:\/\/www.herbashopping.eu\/fr\/wp-json\/wp\/v2\/product_tag?post=146405"}],"curies":[{"name":"wp","href":"https:\/\/api.w.org\/{rel}","templated":true}]}}