{"id":146408,"date":"2026-02-25T18:33:45","date_gmt":"2026-02-25T17:33:45","guid":{"rendered":"https:\/\/www.herbashopping.eu\/produkt\/gels-herbalife-coq10vita-cerise-30-gommes-a-macher\/"},"modified":"2026-04-03T14:57:17","modified_gmt":"2026-04-03T12:57:17","slug":"herbalife-gels-coq10vita-saveur-cerise-30-gommes-gel-a-macher","status":"publish","type":"product","link":"https:\/\/www.herbashopping.eu\/fr\/produit\/herbalife-gels-coq10vita-saveur-cerise-30-gommes-gel-a-macher\/","title":{"rendered":"Herbalife Gels CoQ10Vita Saveur Cerise 30 gommes gel \u00e0 m\u00e2cher"},"content":{"rendered":"<div class=\"wpb-content-wrapper\"><p>[vc_row row_height_percent=\u00a0\u00bb0&Prime; override_padding=\u00a0\u00bbyes\u00a0\u00bb h_padding=\u00a0\u00bb2&Prime; top_padding=\u00a0\u00bb2&Prime; bottom_padding=\u00a0\u00bb3&Prime; overlay_alpha=\u00a0\u00bb50&Prime; gutter_size=\u00a0\u00bb3&Prime; column_width_percent=\u00a0\u00bb100&Prime; shift_y=\u00a0\u00bb0&Prime; z_index=\u00a0\u00bb0&Prime; content_parallax=\u00a0\u00bb0&Prime; uncode_shortcode_id=\u00a0\u00bb206173&Prime;][vc_column width=\u00a0\u00bb5\/6&Prime;][vc_custom_heading auto_text=\u00a0\u00bbyes\u00a0\u00bb uncode_shortcode_id=\u00a0\u00bb572708&Prime;]Gels Herbalife CoQ10Vita Cerise 30 gommes \u00e0 m\u00e2cher[\/vc_custom_heading][vc_column_text uncode_shortcode_id=\u00a0\u00bb362952&Prime;]Soutiens ta sant\u00e9 cardiaque avec les Gels Herbalife CoQ10Vita.<\/p>\n<p>Le Gel Herbalife CoQ10Vita est un d\u00e9licieux compl\u00e9ment alimentaire \u00e0 m\u00e2cher, enrichi en CoQ10 et en vitamines essentielles. Ce compl\u00e9ment sans sucre combine les bienfaits du CoQ10, de la vitamine E et de la vitamine K pour prot\u00e9ger les cellules contre le stress oxydatif*, favoriser une coagulation sanguine normale** et le maintien d\u2019une ossature normale**. Le CoQ10 joue un r\u00f4le cl\u00e9 dans la production d\u2019\u00e9nergie au niveau du c\u0153ur et de l\u2019ensemble du corps. Savoure son d\u00e9licieux go\u00fbt cerise aux colorants et ar\u00f4mes naturels.<\/p>\n<p>* La vitamine E prot\u00e8ge les cellules contre le stress oxydatif<\/p>\n<p>** La vitamine K contribue \u00e0 une coagulation sanguine normale et au maintien d\u2019une ossature normale[\/vc_column_text][\/vc_column][vc_column width=\u00a0\u00bb1\/6&Prime;][vc_button button_color=\u00a0\u00bbaccent\u00a0\u00bb radius=\u00a0\u00bbbtn-circle\u00a0\u00bb outline=\u00a0\u00bbyes\u00a0\u00bb border_width=\u00a0\u00bb0&Prime; uncode_shortcode_id=\u00a0\u00bb180017&Prime; link=\u00a0\u00bburl:https%3A%2F%2Fwww.herbalife.com%2Fassets%2Fmarket-reusable-assets%2Femea%2Ffrance%2Fdocuments%2Fproduct-label%2Fpl-378k-fr.pdf|target:_blank|rel:nofollow\u00a0\u00bb button_color_type=\u00a0\u00bbuncode-palette\u00a0\u00bb icon=\u00a0\u00bbfa fa-list2&Prime;]Ingr\u00e9dients[\/vc_button][\/vc_column][\/vc_row][vc_row unlock_row=\u00a0\u00bb\u00a0\u00bb row_height_percent=\u00a0\u00bb0&Prime; overlay_alpha=\u00a0\u00bb50&Prime; gutter_size=\u00a0\u00bb3&Prime; column_width_percent=\u00a0\u00bb100&Prime; shift_y=\u00a0\u00bb0&Prime; z_index=\u00a0\u00bb0&Prime; content_parallax=\u00a0\u00bb0&Prime; uncode_shortcode_id=\u00a0\u00bb192300&Prime;][vc_column column_width_percent=\u00a0\u00bb100&Prime; gutter_size=\u00a0\u00bb3&Prime; back_color=\u00a0\u00bbcolor-536347&Prime; overlay_alpha=\u00a0\u00bb50&Prime; radius=\u00a0\u00bblg\u00a0\u00bb shift_x=\u00a0\u00bb0&Prime; shift_y=\u00a0\u00bb0&Prime; shift_y_down=\u00a0\u00bb0&Prime; z_index=\u00a0\u00bb0&Prime; medium_width=\u00a0\u00bb0&Prime; mobile_width=\u00a0\u00bb0&Prime; width=\u00a0\u00bb1\/1&Prime; uncode_shortcode_id=\u00a0\u00bb105734&Prime; back_color_type=\u00a0\u00bbuncode-palette\u00a0\u00bb][vc_custom_heading uncode_shortcode_id=\u00a0\u00bb920104&Prime;]Les principaux avantages[\/vc_custom_heading][vc_column_text uncode_shortcode_id=\u00a0\u00bb166172&Prime;]<\/p>\n<ul>\n<li>Contient du CoQ10, essentiel \u00e0 la production d\u2019\u00e9nergie, surtout au niveau du c\u0153ur<\/li>\n<li>Riche en vitamine E, qui contribue \u00e0 prot\u00e9ger les cellules contre le stress oxydatif<\/li>\n<li>Riche en vitamine K, qui contribue \u00e0 une coagulation sanguine normale et au maintien d\u2019une ossature normale<\/li>\n<li>D\u00e9licieux go\u00fbt cerise<\/li>\n<li>Sans sucre<\/li>\n<li>Sans gluten<\/li>\n<li>Contient des colorants et ar\u00f4mes naturels<\/li>\n<li>La bo\u00eete contient 30 gommes \u00e0 m\u00e2cher<\/li>\n<\/ul>\n<p>[\/vc_column_text][\/vc_column][\/vc_row][vc_row unlock_row=\u00a0\u00bb\u00a0\u00bb row_height_percent=\u00a0\u00bb0&Prime; override_padding=\u00a0\u00bbyes\u00a0\u00bb h_padding=\u00a0\u00bb2&Prime; top_padding=\u00a0\u00bb4&Prime; bottom_padding=\u00a0\u00bb4&Prime; overlay_alpha=\u00a0\u00bb50&Prime; gutter_size=\u00a0\u00bb3&Prime; column_width_percent=\u00a0\u00bb100&Prime; shift_y=\u00a0\u00bb0&Prime; z_index=\u00a0\u00bb0&Prime; content_parallax=\u00a0\u00bb0&Prime; uncode_shortcode_id=\u00a0\u00bb592932&Prime;][vc_column column_width_percent=\u00a0\u00bb100&Prime; gutter_size=\u00a0\u00bb3&Prime; overlay_alpha=\u00a0\u00bb50&Prime; shift_x=\u00a0\u00bb0&Prime; shift_y=\u00a0\u00bb0&Prime; shift_y_down=\u00a0\u00bb0&Prime; z_index=\u00a0\u00bb0&Prime; medium_width=\u00a0\u00bb0&Prime; mobile_width=\u00a0\u00bb0&Prime; width=\u00a0\u00bb1\/1&Prime; uncode_shortcode_id=\u00a0\u00bb611981&Prime;][vc_icon position=\u00a0\u00bbleft\u00a0\u00bb space_reduced=\u00a0\u00bbyes\u00a0\u00bb display=\u00a0\u00bbinline\u00a0\u00bb icon=\u00a0\u00bbfa fa-book4&Prime; icon_color=\u00a0\u00bbaccent\u00a0\u00bb size=\u00a0\u00bbfa-2x\u00a0\u00bb uncode_shortcode_id=\u00a0\u00bb892137&Prime; icon_color_type=\u00a0\u00bbuncode-palette\u00a0\u00bb title=\u00a0\u00bbUtilisation\u00a0\u00bb][\/vc_icon][vc_column_text uncode_shortcode_id=\u00a0\u00bb201675&Prime;]<\/p>\n<p>Nous recommandons une gomme \u00e0 m\u00e2cher par jour.<\/p>\n<p>Utilise ce produit dans le cadre d\u2019une alimentation \u00e9quilibr\u00e9e et vari\u00e9e et d\u2019un mode de vie sain et actif.<\/p>\n<p>[\/vc_column_text][\/vc_column][\/vc_row]<\/p>\n<\/div>","protected":false},"excerpt":{"rendered":"<p>Herbalife CoQ10Vita Cerise &#8211; 30 gommes sans sucre avec CoQ10, vitamines E &amp; K. Soutient la sant\u00e9 cardiaque &amp; prot\u00e8ge les cellules. D\u00e9licieux &amp; sain !<\/p>\n<p class=\"etikett-ah\"><a href=\"https:\/\/www.herbalife.com\/assets\/market-reusable-assets\/emea\/france\/documents\/product-label\/pl-378k-fr.pdf\" target=\"_blank\" rel=\"noopener\">Ingr\u00e9dients &amp; Valeurs nutritionnelles<\/a><\/p>\n","protected":false},"featured_media":146410,"comment_status":"open","ping_status":"closed","template":"","meta":[],"product_brand":[],"product_cat":[301,293],"product_tag":[],"class_list":{"0":"post-146408","1":"product","2":"type-product","3":"status-publish","4":"has-post-thumbnail","6":"product_cat-complements-alimentaires","7":"product_cat-micronutriments","8":"pa_geschmacksrichtung-cerise","9":"pa_inhaltsmenge-30-gommes-a-macher","11":"first","12":"instock","13":"sale","14":"taxable","15":"shipping-taxable","16":"purchasable","17":"product-type-simple"},"_links":{"self":[{"href":"https:\/\/www.herbashopping.eu\/fr\/wp-json\/wp\/v2\/product\/146408","targetHints":{"allow":["GET"]}}],"collection":[{"href":"https:\/\/www.herbashopping.eu\/fr\/wp-json\/wp\/v2\/product"}],"about":[{"href":"https:\/\/www.herbashopping.eu\/fr\/wp-json\/wp\/v2\/types\/product"}],"replies":[{"embeddable":true,"href":"https:\/\/www.herbashopping.eu\/fr\/wp-json\/wp\/v2\/comments?post=146408"}],"wp:featuredmedia":[{"embeddable":true,"href":"https:\/\/www.herbashopping.eu\/fr\/wp-json\/wp\/v2\/media\/146410"}],"wp:attachment":[{"href":"https:\/\/www.herbashopping.eu\/fr\/wp-json\/wp\/v2\/media?parent=146408"}],"wp:term":[{"taxonomy":"product_brand","embeddable":true,"href":"https:\/\/www.herbashopping.eu\/fr\/wp-json\/wp\/v2\/product_brand?post=146408"},{"taxonomy":"product_cat","embeddable":true,"href":"https:\/\/www.herbashopping.eu\/fr\/wp-json\/wp\/v2\/product_cat?post=146408"},{"taxonomy":"product_tag","embeddable":true,"href":"https:\/\/www.herbashopping.eu\/fr\/wp-json\/wp\/v2\/product_tag?post=146408"}],"curies":[{"name":"wp","href":"https:\/\/api.w.org\/{rel}","templated":true}]}}