{"id":146412,"date":"2026-02-25T18:33:41","date_gmt":"2026-02-25T17:33:41","guid":{"rendered":"https:\/\/www.herbashopping.eu\/produkt\/beta-heart-vanille\/"},"modified":"2026-04-03T14:57:23","modified_gmt":"2026-04-03T12:57:23","slug":"beta-heart-vanille","status":"publish","type":"product","link":"https:\/\/www.herbashopping.eu\/fr\/produit\/beta-heart-vanille\/","title":{"rendered":"Beta Heart\u00ae Vanille"},"content":{"rendered":"<div class=\"wpb-content-wrapper\"><p>[vc_row row_height_percent=\u00a0\u00bb0&Prime; override_padding=\u00a0\u00bbyes\u00a0\u00bb h_padding=\u00a0\u00bb2&Prime; top_padding=\u00a0\u00bb2&Prime; bottom_padding=\u00a0\u00bb3&Prime; overlay_alpha=\u00a0\u00bb50&Prime; gutter_size=\u00a0\u00bb3&Prime; column_width_percent=\u00a0\u00bb100&Prime; shift_y=\u00a0\u00bb0&Prime; z_index=\u00a0\u00bb0&Prime; content_parallax=\u00a0\u00bb0&Prime; uncode_shortcode_id=\u00a0\u00bb206173&Prime;][vc_column width=\u00a0\u00bb5\/6&Prime;][vc_custom_heading uncode_shortcode_id=\u00a0\u00bb893322&Prime;]Beta Heart\u00ae Vanille[\/vc_custom_heading][vc_column_text uncode_shortcode_id=\u00a0\u00bb362952&Prime;]Aucune cuill\u00e8re doseuse incluse (peut \u00eatre command\u00e9e via SKU 1B42).<\/p>\n<p>Beta Heart\u00ae est une poudre nutritive au go\u00fbt vanille qui contient du b\u00eata-glucane d&rsquo;avoine OatWell\u2122 comme ingr\u00e9dient principal. Il est prouv\u00e9 que le b\u00eata-glucane d&rsquo;avoine r\u00e9duit et maintient le taux de cholest\u00e9rol sanguin.<\/p>\n<p>*Il est prouv\u00e9 que le b\u00eata-glucane d&rsquo;avoine r\u00e9duit le taux de cholest\u00e9rol sanguin. Un taux de cholest\u00e9rol \u00e9lev\u00e9 est l&rsquo;un des facteurs de risque de maladie coronarienne. Le b\u00eata-glucane d&rsquo;avoine contribue au maintien d&rsquo;un taux de cholest\u00e9rol sanguin normal. Un effet positif est obtenu avec un apport quotidien d&rsquo;au moins 3 g de b\u00eata-glucane d&rsquo;avoine. La maladie coronarienne a plusieurs facteurs de risque et la modification d&rsquo;un facteur de risque peut ou non avoir des effets positifs.<\/p>\n<p>**Le b\u00eata-glucane d&rsquo;avoine contribue au maintien d&rsquo;un taux de cholest\u00e9rol sanguin normal. L&rsquo;all\u00e9gation ne peut \u00eatre utilis\u00e9e que pour les aliments contenant au moins 1 g de b\u00eata-glucane d&rsquo;avoine, de son d&rsquo;avoine, d&rsquo;orge, de son d&rsquo;orge ou d&rsquo;un m\u00e9lange de ces sources par portion quantifi\u00e9e. Pour \u00e9tayer cette all\u00e9gation, il est important d&rsquo;informer les consommateurs que l&rsquo;effet positif ne peut \u00eatre obtenu qu&rsquo;avec un apport quotidien d&rsquo;au moins 3 g de b\u00eata-glucane d&rsquo;avoine provenant d&rsquo;avoine, de son d&rsquo;avoine, d&rsquo;orge, de son d&rsquo;orge ou d&rsquo;un m\u00e9lange de ces sources.[\/vc_column_text][\/vc_column][vc_column width=\u00a0\u00bb1\/6&Prime;][vc_button button_color=\u00a0\u00bbaccent\u00a0\u00bb radius=\u00a0\u00bbbtn-circle\u00a0\u00bb outline=\u00a0\u00bbyes\u00a0\u00bb border_width=\u00a0\u00bb0&Prime; uncode_shortcode_id=\u00a0\u00bb165941&Prime; link=\u00a0\u00bburl:https%3A%2F%2Fwww.herbalife.com%2Fassets%2Fmarket-reusable-assets%2Femea%2Ffrance%2Fdocuments%2Fproduct-label%2Fpl-0267-fr.pdf|target:_blank|rel:nofollow\u00a0\u00bb button_color_type=\u00a0\u00bbuncode-palette\u00a0\u00bb icon=\u00a0\u00bbfa fa-list2&Prime;]Ingr\u00e9dients[\/vc_button][\/vc_column][\/vc_row][vc_row unlock_row=\u00a0\u00bb\u00a0\u00bb row_height_percent=\u00a0\u00bb0&Prime; overlay_alpha=\u00a0\u00bb50&Prime; gutter_size=\u00a0\u00bb3&Prime; column_width_percent=\u00a0\u00bb100&Prime; shift_y=\u00a0\u00bb0&Prime; z_index=\u00a0\u00bb0&Prime; content_parallax=\u00a0\u00bb0&Prime; uncode_shortcode_id=\u00a0\u00bb192300&Prime;][vc_column column_width_percent=\u00a0\u00bb100&Prime; gutter_size=\u00a0\u00bb3&Prime; back_color=\u00a0\u00bbcolor-536347&Prime; overlay_alpha=\u00a0\u00bb50&Prime; radius=\u00a0\u00bblg\u00a0\u00bb shift_x=\u00a0\u00bb0&Prime; shift_y=\u00a0\u00bb0&Prime; shift_y_down=\u00a0\u00bb0&Prime; z_index=\u00a0\u00bb0&Prime; medium_width=\u00a0\u00bb0&Prime; mobile_width=\u00a0\u00bb0&Prime; width=\u00a0\u00bb1\/1&Prime; uncode_shortcode_id=\u00a0\u00bb105734&Prime; back_color_type=\u00a0\u00bbuncode-palette\u00a0\u00bb][vc_custom_heading uncode_shortcode_id=\u00a0\u00bb920104&Prime;]Les principaux avantages[\/vc_custom_heading][vc_column_text uncode_shortcode_id=\u00a0\u00bb166172&Prime;]<\/p>\n<ul>\n<li>3 g de b\u00eata-glucane aident \u00e0 r\u00e9duire le taux de cholest\u00e9rol* (2 cuill\u00e8res doseuses)<\/li>\n<li>1,5 g de b\u00eata-glucane aident \u00e0 maintenir un taux de cholest\u00e9rol** (1 cuill\u00e8re doseuse)<\/li>\n<li>Sans sucre<\/li>\n<li>Sans \u00e9dulcorants artificiels<\/li>\n<li>Riche en fibres (3 g par cuill\u00e8re doseuse)<\/li>\n<li>Source de prot\u00e9ines<\/li>\n<li>25 kcal par cuill\u00e8re doseuse pour une alimentation contr\u00f4l\u00e9e en calories<\/li>\n<\/ul>\n<p>Un effet positif est obtenu avec un apport quotidien d&rsquo;au moins 3 g de b\u00eata-glucane d&rsquo;avoine.<\/p>\n<p>[\/vc_column_text][\/vc_column][\/vc_row][vc_row unlock_row=\u00a0\u00bb\u00a0\u00bb row_height_percent=\u00a0\u00bb0&Prime; override_padding=\u00a0\u00bbyes\u00a0\u00bb h_padding=\u00a0\u00bb2&Prime; top_padding=\u00a0\u00bb4&Prime; bottom_padding=\u00a0\u00bb4&Prime; overlay_alpha=\u00a0\u00bb50&Prime; gutter_size=\u00a0\u00bb3&Prime; column_width_percent=\u00a0\u00bb100&Prime; shift_y=\u00a0\u00bb0&Prime; z_index=\u00a0\u00bb0&Prime; content_parallax=\u00a0\u00bb0&Prime; uncode_shortcode_id=\u00a0\u00bb592932&Prime;][vc_column column_width_percent=\u00a0\u00bb100&Prime; gutter_size=\u00a0\u00bb3&Prime; overlay_alpha=\u00a0\u00bb50&Prime; shift_x=\u00a0\u00bb0&Prime; shift_y=\u00a0\u00bb0&Prime; shift_y_down=\u00a0\u00bb0&Prime; z_index=\u00a0\u00bb0&Prime; medium_width=\u00a0\u00bb0&Prime; mobile_width=\u00a0\u00bb0&Prime; width=\u00a0\u00bb1\/1&Prime; uncode_shortcode_id=\u00a0\u00bb611981&Prime;][vc_icon position=\u00a0\u00bbleft\u00a0\u00bb space_reduced=\u00a0\u00bbyes\u00a0\u00bb display=\u00a0\u00bbinline\u00a0\u00bb icon=\u00a0\u00bbfa fa-book4&Prime; icon_color=\u00a0\u00bbaccent\u00a0\u00bb size=\u00a0\u00bbfa-2x\u00a0\u00bb uncode_shortcode_id=\u00a0\u00bb892137&Prime; icon_color_type=\u00a0\u00bbuncode-palette\u00a0\u00bb title=\u00a0\u00bbUtilisation\u00a0\u00bb][\/vc_icon][vc_column_text uncode_shortcode_id=\u00a0\u00bb201675&Prime;]<\/p>\n<p>M\u00e9lange simplement 1 ou 2 cuill\u00e8res doseuses de Beta Heart\u00ae une fois par jour avec de l&rsquo;eau, du jus de fruits ou ton shake Formula 1 pr\u00e9f\u00e9r\u00e9. Tu peux aussi ajouter 1 cuill\u00e8re doseuse et en profiter deux fois par jour.<\/p>\n<p>[\/vc_column_text][\/vc_column][\/vc_row]<\/p>\n<\/div>","protected":false},"excerpt":{"rendered":"<p>Beta Heart\u00ae Vanille &#8211; Poudre nutritive avec b\u00eata-glucane d&rsquo;avoine OatWell\u2122. R\u00e9duit le cholest\u00e9rol de mani\u00e8re prouv\u00e9e &amp; soutient la sant\u00e9 cardiaque. D\u00e9licieux go\u00fbt vanille !<\/p>\n<p class=\"etikett-ah\"><a href=\"https:\/\/www.herbalife.com\/assets\/market-reusable-assets\/emea\/france\/documents\/product-label\/pl-0267-fr.pdf\" target=\"_blank\" rel=\"noopener\">Ingr\u00e9dients &amp; Valeurs nutritionnelles<\/a><\/p>\n","protected":false},"featured_media":146415,"comment_status":"open","ping_status":"closed","template":"","meta":[],"product_brand":[],"product_cat":[301,294,299,303],"product_tag":[],"class_list":{"0":"post-146412","1":"product","2":"type-product","3":"status-publish","4":"has-post-thumbnail","6":"product_cat-complements-alimentaires","7":"product_cat-fibres","8":"product_cat-sante-intestinale","9":"product_cat-shakes","10":"pa_geschmacksrichtung-vanille","12":"first","13":"instock","14":"sale","15":"taxable","16":"shipping-taxable","17":"purchasable","18":"product-type-simple"},"_links":{"self":[{"href":"https:\/\/www.herbashopping.eu\/fr\/wp-json\/wp\/v2\/product\/146412","targetHints":{"allow":["GET"]}}],"collection":[{"href":"https:\/\/www.herbashopping.eu\/fr\/wp-json\/wp\/v2\/product"}],"about":[{"href":"https:\/\/www.herbashopping.eu\/fr\/wp-json\/wp\/v2\/types\/product"}],"replies":[{"embeddable":true,"href":"https:\/\/www.herbashopping.eu\/fr\/wp-json\/wp\/v2\/comments?post=146412"}],"wp:featuredmedia":[{"embeddable":true,"href":"https:\/\/www.herbashopping.eu\/fr\/wp-json\/wp\/v2\/media\/146415"}],"wp:attachment":[{"href":"https:\/\/www.herbashopping.eu\/fr\/wp-json\/wp\/v2\/media?parent=146412"}],"wp:term":[{"taxonomy":"product_brand","embeddable":true,"href":"https:\/\/www.herbashopping.eu\/fr\/wp-json\/wp\/v2\/product_brand?post=146412"},{"taxonomy":"product_cat","embeddable":true,"href":"https:\/\/www.herbashopping.eu\/fr\/wp-json\/wp\/v2\/product_cat?post=146412"},{"taxonomy":"product_tag","embeddable":true,"href":"https:\/\/www.herbashopping.eu\/fr\/wp-json\/wp\/v2\/product_tag?post=146412"}],"curies":[{"name":"wp","href":"https:\/\/api.w.org\/{rel}","templated":true}]}}