{"id":146417,"date":"2026-02-25T18:33:50","date_gmt":"2026-02-25T17:33:50","guid":{"rendered":"https:\/\/www.herbashopping.eu\/produkt\/herbalife-gels-viewvita-baies-agrumes-30-gelifies-a-macher\/"},"modified":"2026-04-03T14:59:04","modified_gmt":"2026-04-03T12:59:04","slug":"herbalife-gels-viewvita-saveur-baies-rouges-et-agrumes-30-gommes-gel-a-macher","status":"publish","type":"product","link":"https:\/\/www.herbashopping.eu\/fr\/produit\/herbalife-gels-viewvita-saveur-baies-rouges-et-agrumes-30-gommes-gel-a-macher\/","title":{"rendered":"Herbalife Gels ViewVita Baies-Agrumes 30 g\u00e9lifi\u00e9s \u00e0 m\u00e2cher"},"content":{"rendered":"<div class=\"wpb-content-wrapper\"><p>[vc_row row_height_percent=\u00a0\u00bb0&Prime; override_padding=\u00a0\u00bbyes\u00a0\u00bb h_padding=\u00a0\u00bb2&Prime; top_padding=\u00a0\u00bb2&Prime; bottom_padding=\u00a0\u00bb3&Prime; overlay_alpha=\u00a0\u00bb50&Prime; gutter_size=\u00a0\u00bb3&Prime; column_width_percent=\u00a0\u00bb100&Prime; shift_y=\u00a0\u00bb0&Prime; z_index=\u00a0\u00bb0&Prime; content_parallax=\u00a0\u00bb0&Prime; uncode_shortcode_id=\u00a0\u00bb206173&Prime;][vc_column width=\u00a0\u00bb5\/6&Prime;][vc_custom_heading uncode_shortcode_id=\u00a0\u00bb893322&Prime;]Herbalife Gels ViewVita Baies-Agrumes 30 g\u00e9lifi\u00e9s \u00e0 m\u00e2cher[\/vc_custom_heading][vc_column_text uncode_shortcode_id=\u00a0\u00bb362952&Prime;]Soutiens ta vision sans effort avec Herbalife Gels ViewVita.<\/p>\n<p>Une d\u00e9licieuse gomme gel \u00e0 m\u00e2cher, avec de la lut\u00e9ine et de la z\u00e9axanthine, pour soutenir ta vision*.<\/p>\n<p>La lut\u00e9ine et la z\u00e9axanthine contribuent ensemble \u00e0 augmenter la densit\u00e9 du pigment maculaire r\u00e9tinien (DPMO)**. Cela peut prot\u00e9ger tes yeux de la lumi\u00e8re bleue potentiellement nocive***, et aide \u00e0 maintenir et \u00e0 soutenir la sant\u00e9 oculaire avec l&rsquo;\u00e2ge gr\u00e2ce \u00e0 l&rsquo;alimentation. Des avantages cognitifs sont \u00e9galement observ\u00e9s : traitement visuel plus rapide, m\u00e9moire spatiale****, attention complexe et flexibilit\u00e9 cognitive*****.  <\/p>\n<p>ViewVita contient de la vitamine A, du zinc et du DHA, qui contribue au soutien d&rsquo;une vision normale.*<\/p>\n<p>Contenant des colorants et ar\u00f4mes naturels, Herbalife Gels ViewVita est un compl\u00e9ment alimentaire en qui tu peux avoir confiance. Le go\u00fbt d\u00e9licieux et la texture g\u00e9lifi\u00e9e en font un compl\u00e9ment parfait pour ta routine quotidienne. <\/p>\n<p>* L&rsquo;effet positif peut ne pas \u00eatre perceptible pour ceux qui disposent d\u00e9j\u00e0 d&rsquo;un MPOD ad\u00e9quat de 0,5 ou plus. (Hammond B. R, et al. Invest Ophthalmol Vis Sci. 2014; 55(12): 8583-8589; Renzi-Hammond L. M, et al. Nutrients. 2017; 9(11): 1246; Stringham J. M, &amp; Hammond B. R, Optom Vis Sci. 2008; 85(2): 82-88; Wilson L. M, et al. Adv Nutr. 2021; 12(6): 2244-2254.)        <\/p>\n<p>** Le soleil est une source naturelle de lumi\u00e8re bleue, tandis que les ampoules classiques, les tubes fluorescents et les lampes LED sont consid\u00e9r\u00e9s comme des sources de lumi\u00e8re artificielle. (Kijlstra A, et al. Prog Retin Eye Res. 2012; 31(4): 303-15; Junghans A, et al. Arch Biochem Biophys. 2001; 391(2): 160-164; Barker F. M, 2nd, et al. Invest Ophthalmol Vis Sci. 2001; 52(7): 3934-3942.)<\/p>\n<p>*** Sant\u00e9 oculaire avec l&rsquo;\u00e2ge\/soutien nutritionnel : (Delcourt, C, et al. Invest Ophthalmol &amp; Vis Sci. 2006; 47(6): 2329-2335; Manayi A, et al. Crit Rev Biotechnol. 2016; 36(5): 829-839; Nolan J. M, et al. Exp Eye Res. 2007; 84(1): 61-74; van Leeuwen R, et al. JAMA. 2005; 294(24): 3101-3107.)       <\/p>\n<p>**** Selon les \u00e9tudes cliniques, ce r\u00e9sultat est g\u00e9n\u00e9ralement observ\u00e9 chez les plus jeunes (18-30 ans) apr\u00e8s 12 mois de prise de 10 mg de lut\u00e9ine plus 2 mg de z\u00e9axanthine par jour. (Renzi-Hammond L. M, et al. Nutrients. 2017; 9(11): 1246.)   <\/p>\n<p>***** Selon les \u00e9tudes cliniques, ce r\u00e9sultat est g\u00e9n\u00e9ralement observ\u00e9 chez les plus \u00e2g\u00e9s (30+) ET chez les plus jeunes (18-30 ans) apr\u00e8s 12 mois de prise de 10 mg de lut\u00e9ine plus 2 mg de z\u00e9axanthine par jour. (30+) Hammond B. R, et al. Front Aging Neurosci. 2017; 3(9): 254; (18-30) Renzi-Hammond L. M, et al. Nutrients. 2017; 9(11): 1246.<\/p>\n<p>****** L&rsquo;effet positif est obtenu avec une prise quotidienne de 250 mg de DHA.[\/vc_column_text][\/vc_column][vc_column width=\u00a0\u00bb1\/6&Prime;][vc_button button_color=\u00a0\u00bbaccent\u00a0\u00bb radius=\u00a0\u00bbbtn-circle\u00a0\u00bb outline=\u00a0\u00bbyes\u00a0\u00bb border_width=\u00a0\u00bb0&Prime; uncode_shortcode_id=\u00a0\u00bb223786&Prime; link=\u00a0\u00bburl:https%3A%2F%2Fwww.herbalife.com%2Fassets%2Fmarket-reusable-assets%2Femea%2Faustria%2Fdocuments%2Fproduct-label%2Fpl-376k-at.pdf|target:_blank|rel:nofollow|\u00a0\u00bb button_color_type=\u00a0\u00bbuncode-palette\u00a0\u00bb icon=\u00a0\u00bbfa fa-list2&Prime;]Ingr\u00e9dients[\/vc_button][\/vc_column][\/vc_row][vc_row unlock_row=\u00a0\u00bb\u00a0\u00bb row_height_percent=\u00a0\u00bb0&Prime; overlay_alpha=\u00a0\u00bb50&Prime; gutter_size=\u00a0\u00bb3&Prime; column_width_percent=\u00a0\u00bb100&Prime; shift_y=\u00a0\u00bb0&Prime; z_index=\u00a0\u00bb0&Prime; content_parallax=\u00a0\u00bb0&Prime; uncode_shortcode_id=\u00a0\u00bb192300&Prime;][vc_column column_width_percent=\u00a0\u00bb100&Prime; gutter_size=\u00a0\u00bb3&Prime; back_color=\u00a0\u00bbcolor-536347&Prime; overlay_alpha=\u00a0\u00bb50&Prime; radius=\u00a0\u00bblg\u00a0\u00bb shift_x=\u00a0\u00bb0&Prime; shift_y=\u00a0\u00bb0&Prime; shift_y_down=\u00a0\u00bb0&Prime; z_index=\u00a0\u00bb0&Prime; medium_width=\u00a0\u00bb0&Prime; mobile_width=\u00a0\u00bb0&Prime; width=\u00a0\u00bb1\/1&Prime; uncode_shortcode_id=\u00a0\u00bb105734&Prime; back_color_type=\u00a0\u00bbuncode-palette\u00a0\u00bb][vc_custom_heading uncode_shortcode_id=\u00a0\u00bb920104&Prime;]Les principaux avantages[\/vc_custom_heading][vc_column_text uncode_shortcode_id=\u00a0\u00bb166172&Prime;]<\/p>\n<ul>\n<li>Contient de la lut\u00e9ine et de la z\u00e9axanthine<\/li>\n<li>Contient de la vitamine A, qui contribue \u00e0 une vision normale<\/li>\n<li>Contient du DHA, qui contribue \u00e0 une vision normale et \u00e0 une fonction c\u00e9r\u00e9brale normale<\/li>\n<li>Contient du zinc, qui contribue \u00e0 une vision normale, prot\u00e8ge les cellules du stress oxydatif et soutient le m\u00e9tabolisme normal de la vitamine A<\/li>\n<li>D\u00e9licieux go\u00fbt baies-agrumes<\/li>\n<li>Sans sucre<\/li>\n<li>Sans gluten<\/li>\n<li>Contient des colorants et ar\u00f4mes naturels<\/li>\n<li>La bo\u00eete contient 30 gommes \u00e0 m\u00e2cher<\/li>\n<\/ul>\n<p>[\/vc_column_text][\/vc_column][\/vc_row][vc_row unlock_row=\u00a0\u00bb\u00a0\u00bb row_height_percent=\u00a0\u00bb0&Prime; override_padding=\u00a0\u00bbyes\u00a0\u00bb h_padding=\u00a0\u00bb2&Prime; top_padding=\u00a0\u00bb4&Prime; bottom_padding=\u00a0\u00bb4&Prime; overlay_alpha=\u00a0\u00bb50&Prime; gutter_size=\u00a0\u00bb3&Prime; column_width_percent=\u00a0\u00bb100&Prime; shift_y=\u00a0\u00bb0&Prime; z_index=\u00a0\u00bb0&Prime; content_parallax=\u00a0\u00bb0&Prime; uncode_shortcode_id=\u00a0\u00bb592932&Prime;][vc_column column_width_percent=\u00a0\u00bb100&Prime; gutter_size=\u00a0\u00bb3&Prime; overlay_alpha=\u00a0\u00bb50&Prime; shift_x=\u00a0\u00bb0&Prime; shift_y=\u00a0\u00bb0&Prime; shift_y_down=\u00a0\u00bb0&Prime; z_index=\u00a0\u00bb0&Prime; medium_width=\u00a0\u00bb0&Prime; mobile_width=\u00a0\u00bb0&Prime; width=\u00a0\u00bb1\/1&Prime; uncode_shortcode_id=\u00a0\u00bb611981&Prime;][vc_icon position=\u00a0\u00bbleft\u00a0\u00bb space_reduced=\u00a0\u00bbyes\u00a0\u00bb display=\u00a0\u00bbinline\u00a0\u00bb icon=\u00a0\u00bbfa fa-book4&Prime; icon_color=\u00a0\u00bbaccent\u00a0\u00bb size=\u00a0\u00bbfa-2x\u00a0\u00bb uncode_shortcode_id=\u00a0\u00bb892137&Prime; icon_color_type=\u00a0\u00bbuncode-palette\u00a0\u00bb title=\u00a0\u00bbUtilisation\u00a0\u00bb][\/vc_icon][vc_column_text uncode_shortcode_id=\u00a0\u00bb201675&Prime;]<\/p>\n<p>Nous recommandons une gomme \u00e0 m\u00e2cher par jour.<\/p>\n<p>Utilise ce produit dans le cadre d\u2019une alimentation \u00e9quilibr\u00e9e et vari\u00e9e et d\u2019un mode de vie sain et actif.<\/p>\n<p>[\/vc_column_text][\/vc_column][\/vc_row]<\/p>\n<\/div>","protected":false},"excerpt":{"rendered":"<p>Soutiens ta vision avec ViewVita ! 30 d\u00e9licieux g\u00e9lifi\u00e9s avec lut\u00e9ine, z\u00e9axanthine &amp; vitamine A. Protection contre la lumi\u00e8re bleue, pour la sant\u00e9 oculaire avec l&rsquo;\u00e2ge. <\/p>\n<p class=\"etikett-ah\"><a href=\"https:\/\/www.herbalife.com\/assets\/market-reusable-assets\/emea\/austria\/documents\/product-label\/pl-376k-at.pdf\" target=\"_blank\" rel=\"noopener\">Ingr\u00e9dients &amp; Valeurs nutritionnelles<\/a><\/p>\n","protected":false},"featured_media":146420,"comment_status":"open","ping_status":"closed","template":"","meta":[],"product_brand":[],"product_cat":[301,293],"product_tag":[],"class_list":{"0":"post-146417","1":"product","2":"type-product","3":"status-publish","4":"has-post-thumbnail","6":"product_cat-complements-alimentaires","7":"product_cat-micronutriments","8":"pa_geschmacksrichtung-baies-agrumes","9":"pa_inhaltsmenge-30-gommes-a-macher","11":"first","12":"instock","13":"sale","14":"taxable","15":"shipping-taxable","16":"purchasable","17":"product-type-simple"},"_links":{"self":[{"href":"https:\/\/www.herbashopping.eu\/fr\/wp-json\/wp\/v2\/product\/146417","targetHints":{"allow":["GET"]}}],"collection":[{"href":"https:\/\/www.herbashopping.eu\/fr\/wp-json\/wp\/v2\/product"}],"about":[{"href":"https:\/\/www.herbashopping.eu\/fr\/wp-json\/wp\/v2\/types\/product"}],"replies":[{"embeddable":true,"href":"https:\/\/www.herbashopping.eu\/fr\/wp-json\/wp\/v2\/comments?post=146417"}],"wp:featuredmedia":[{"embeddable":true,"href":"https:\/\/www.herbashopping.eu\/fr\/wp-json\/wp\/v2\/media\/146420"}],"wp:attachment":[{"href":"https:\/\/www.herbashopping.eu\/fr\/wp-json\/wp\/v2\/media?parent=146417"}],"wp:term":[{"taxonomy":"product_brand","embeddable":true,"href":"https:\/\/www.herbashopping.eu\/fr\/wp-json\/wp\/v2\/product_brand?post=146417"},{"taxonomy":"product_cat","embeddable":true,"href":"https:\/\/www.herbashopping.eu\/fr\/wp-json\/wp\/v2\/product_cat?post=146417"},{"taxonomy":"product_tag","embeddable":true,"href":"https:\/\/www.herbashopping.eu\/fr\/wp-json\/wp\/v2\/product_tag?post=146417"}],"curies":[{"name":"wp","href":"https:\/\/api.w.org\/{rel}","templated":true}]}}