{"id":146422,"date":"2026-02-25T18:33:50","date_gmt":"2026-02-25T17:33:50","guid":{"rendered":"https:\/\/www.herbashopping.eu\/produkt\/immune-booster-21-sachets-individuels-baies-sauvages\/"},"modified":"2026-04-03T14:59:04","modified_gmt":"2026-04-03T12:59:04","slug":"immune-booster-21-sachets-individuels-baies-sauvages","status":"publish","type":"product","link":"https:\/\/www.herbashopping.eu\/fr\/produit\/immune-booster-21-sachets-individuels-baies-sauvages\/","title":{"rendered":"Compl\u00e9ment alimentaire Immune Booster Baies sauvages 21 sachets"},"content":{"rendered":"<div class=\"wpb-content-wrapper\"><p>[vc_row row_height_percent=\u00a0\u00bb0&Prime; override_padding=\u00a0\u00bbyes\u00a0\u00bb h_padding=\u00a0\u00bb2&Prime; top_padding=\u00a0\u00bb2&Prime; bottom_padding=\u00a0\u00bb3&Prime; overlay_alpha=\u00a0\u00bb50&Prime; gutter_size=\u00a0\u00bb3&Prime; column_width_percent=\u00a0\u00bb100&Prime; shift_y=\u00a0\u00bb0&Prime; z_index=\u00a0\u00bb0&Prime; content_parallax=\u00a0\u00bb0&Prime; uncode_shortcode_id=\u00a0\u00bb206173&Prime;][vc_column width=\u00a0\u00bb5\/6&Prime;][vc_custom_heading uncode_shortcode_id=\u00a0\u00bb893322&Prime;]Immune Booster, 21 sachets individuels Baies sauvages[\/vc_custom_heading][vc_column_text uncode_shortcode_id=\u00a0\u00bb362952&Prime;]Notre syst\u00e8me immunitaire est un r\u00e9seau incroyablement complexe qui travaille silencieusement et sans rel\u00e2che jour apr\u00e8s jour. Soutiens ton syst\u00e8me immunitaire avec Immune Booster ! Ce compl\u00e9ment alimentaire en poudre contient EpiCor\u00ae \u2013 un ingr\u00e9dient \u00e0 base de levure s\u00e8che scientifiquement prouv\u00e9. Il contient \u00e9galement des vitamines et min\u00e9raux essentiels qui contribuent au fonctionnement normal du syst\u00e8me immunitaire, tels que la vitamine C et D, le s\u00e9l\u00e9nium et le zinc. Immune Booster est disponible en sachets individuels pratiques, id\u00e9al pour les d\u00e9placements. Immune Booster \u2013 une nutrition intelligente pour ton syst\u00e8me immunitaire.[\/vc_column_text][\/vc_column][vc_column width=\u00a0\u00bb1\/6&Prime;][vc_button button_color=\u00a0\u00bbaccent\u00a0\u00bb radius=\u00a0\u00bbbtn-circle\u00a0\u00bb outline=\u00a0\u00bbyes\u00a0\u00bb border_width=\u00a0\u00bb0&Prime; uncode_shortcode_id=\u00a0\u00bb626208&Prime; link=\u00a0\u00bburl:https%3A%2F%2Fwww.herbalife.com%2Fassets%2Fmarket-reusable-assets%2Femea%2Ffrance%2Fdocuments%2Fproduct-label%2Fpl-233k-fr.pdf|target:_blank|rel:nofollow\u00a0\u00bb button_color_type=\u00a0\u00bbuncode-palette\u00a0\u00bb icon=\u00a0\u00bbfa fa-list2&Prime;]Ingr\u00e9dients[\/vc_button][\/vc_column][\/vc_row][vc_row unlock_row=\u00a0\u00bb\u00a0\u00bb row_height_percent=\u00a0\u00bb0&Prime; overlay_alpha=\u00a0\u00bb50&Prime; gutter_size=\u00a0\u00bb3&Prime; column_width_percent=\u00a0\u00bb100&Prime; shift_y=\u00a0\u00bb0&Prime; z_index=\u00a0\u00bb0&Prime; content_parallax=\u00a0\u00bb0&Prime; uncode_shortcode_id=\u00a0\u00bb192300&Prime;][vc_column column_width_percent=\u00a0\u00bb100&Prime; gutter_size=\u00a0\u00bb3&Prime; back_color=\u00a0\u00bbcolor-536347&Prime; overlay_alpha=\u00a0\u00bb50&Prime; radius=\u00a0\u00bblg\u00a0\u00bb shift_x=\u00a0\u00bb0&Prime; shift_y=\u00a0\u00bb0&Prime; shift_y_down=\u00a0\u00bb0&Prime; z_index=\u00a0\u00bb0&Prime; medium_width=\u00a0\u00bb0&Prime; mobile_width=\u00a0\u00bb0&Prime; width=\u00a0\u00bb1\/1&Prime; uncode_shortcode_id=\u00a0\u00bb105734&Prime; back_color_type=\u00a0\u00bbuncode-palette\u00a0\u00bb][vc_custom_heading uncode_shortcode_id=\u00a0\u00bb920104&Prime;]Les principaux avantages[\/vc_custom_heading][vc_column_text uncode_shortcode_id=\u00a0\u00bb166172&Prime;]<\/p>\n<ul>\n<li>21 sachets individuels de 3,7 g<\/li>\n<li>Go\u00fbt rafra\u00eechissant de baies sauvages<\/li>\n<li>Contient EpiCor\u00ae \u2013 un ingr\u00e9dient \u00e0 base de levure s\u00e8che scientifiquement prouv\u00e9<\/li>\n<li>Riche en vitamines et min\u00e9raux essentiels tels que la vitamine C et D, le s\u00e9l\u00e9nium et le zinc, qui contribuent au fonctionnement normal du syst\u00e8me immunitaire<\/li>\n<li>La vitamine C, le s\u00e9l\u00e9nium et le zinc contribuent \u00e9galement \u00e0 prot\u00e9ger les cellules du stress oxydatif<\/li>\n<li>Convient aux v\u00e9g\u00e9taliens<\/li>\n<\/ul>\n<p>[\/vc_column_text][\/vc_column][\/vc_row][vc_row unlock_row=\u00a0\u00bb\u00a0\u00bb row_height_percent=\u00a0\u00bb0&Prime; override_padding=\u00a0\u00bbyes\u00a0\u00bb h_padding=\u00a0\u00bb2&Prime; top_padding=\u00a0\u00bb4&Prime; bottom_padding=\u00a0\u00bb4&Prime; overlay_alpha=\u00a0\u00bb50&Prime; gutter_size=\u00a0\u00bb3&Prime; column_width_percent=\u00a0\u00bb100&Prime; shift_y=\u00a0\u00bb0&Prime; z_index=\u00a0\u00bb0&Prime; content_parallax=\u00a0\u00bb0&Prime; uncode_shortcode_id=\u00a0\u00bb592932&Prime;][vc_column column_width_percent=\u00a0\u00bb100&Prime; gutter_size=\u00a0\u00bb3&Prime; overlay_alpha=\u00a0\u00bb50&Prime; shift_x=\u00a0\u00bb0&Prime; shift_y=\u00a0\u00bb0&Prime; shift_y_down=\u00a0\u00bb0&Prime; z_index=\u00a0\u00bb0&Prime; medium_width=\u00a0\u00bb0&Prime; mobile_width=\u00a0\u00bb0&Prime; width=\u00a0\u00bb1\/1&Prime; uncode_shortcode_id=\u00a0\u00bb611981&Prime;][vc_icon position=\u00a0\u00bbleft\u00a0\u00bb space_reduced=\u00a0\u00bbyes\u00a0\u00bb display=\u00a0\u00bbinline\u00a0\u00bb icon=\u00a0\u00bbfa fa-book4&Prime; icon_color=\u00a0\u00bbaccent\u00a0\u00bb size=\u00a0\u00bbfa-2x\u00a0\u00bb uncode_shortcode_id=\u00a0\u00bb892137&Prime; icon_color_type=\u00a0\u00bbuncode-palette\u00a0\u00bb title=\u00a0\u00bbUtilisation\u00a0\u00bb][\/vc_icon][vc_column_text uncode_shortcode_id=\u00a0\u00bb201675&Prime;]<\/p>\n<p>Savoure Immune Booster une fois par jour au cours des repas. M\u00e9lange 1 sachet individuel (3,7 g) dans 150 ml d\u2019eau jusqu\u2019\u00e0 dissolution compl\u00e8te de la poudre.<\/p>\n<p>[\/vc_column_text][\/vc_column][\/vc_row]<\/p>\n<\/div>","protected":false},"excerpt":{"rendered":"<p>Immune Booster avec EpiCor\u00ae, vitamine C &amp; D, zinc &#8211; 21 sachets individuels pratiques Baies sauvages. Soutient ton syst\u00e8me immunitaire de mani\u00e8re scientifiquement prouv\u00e9e !<\/p>\n<p class=\"etikett-ah\"><a href=\"https:\/\/www.herbalife.com\/assets\/market-reusable-assets\/emea\/france\/documents\/product-label\/pl-233k-fr.pdf\" target=\"_blank\" rel=\"noopener\">Ingr\u00e9dients &amp; Valeurs nutritionnelles<\/a><\/p>\n","protected":false},"featured_media":146424,"comment_status":"open","ping_status":"closed","template":"","meta":[],"product_brand":[],"product_cat":[301,293],"product_tag":[],"class_list":{"0":"post-146422","1":"product","2":"type-product","3":"status-publish","4":"has-post-thumbnail","6":"product_cat-complements-alimentaires","7":"product_cat-micronutriments","8":"pa_geschmacksrichtung-baies-sauvages","10":"first","11":"instock","12":"sale","13":"taxable","14":"shipping-taxable","15":"purchasable","16":"product-type-simple"},"_links":{"self":[{"href":"https:\/\/www.herbashopping.eu\/fr\/wp-json\/wp\/v2\/product\/146422","targetHints":{"allow":["GET"]}}],"collection":[{"href":"https:\/\/www.herbashopping.eu\/fr\/wp-json\/wp\/v2\/product"}],"about":[{"href":"https:\/\/www.herbashopping.eu\/fr\/wp-json\/wp\/v2\/types\/product"}],"replies":[{"embeddable":true,"href":"https:\/\/www.herbashopping.eu\/fr\/wp-json\/wp\/v2\/comments?post=146422"}],"wp:featuredmedia":[{"embeddable":true,"href":"https:\/\/www.herbashopping.eu\/fr\/wp-json\/wp\/v2\/media\/146424"}],"wp:attachment":[{"href":"https:\/\/www.herbashopping.eu\/fr\/wp-json\/wp\/v2\/media?parent=146422"}],"wp:term":[{"taxonomy":"product_brand","embeddable":true,"href":"https:\/\/www.herbashopping.eu\/fr\/wp-json\/wp\/v2\/product_brand?post=146422"},{"taxonomy":"product_cat","embeddable":true,"href":"https:\/\/www.herbashopping.eu\/fr\/wp-json\/wp\/v2\/product_cat?post=146422"},{"taxonomy":"product_tag","embeddable":true,"href":"https:\/\/www.herbashopping.eu\/fr\/wp-json\/wp\/v2\/product_tag?post=146422"}],"curies":[{"name":"wp","href":"https:\/\/api.w.org\/{rel}","templated":true}]}}