{"id":146425,"date":"2026-02-25T18:33:55","date_gmt":"2026-02-25T17:33:55","guid":{"rendered":"https:\/\/www.herbashopping.eu\/produkt\/xtra-cal-131-g\/"},"modified":"2026-04-03T14:59:01","modified_gmt":"2026-04-03T12:59:01","slug":"xtra-cal-131-g","status":"publish","type":"product","link":"https:\/\/www.herbashopping.eu\/fr\/produit\/xtra-cal-131-g\/","title":{"rendered":"Xtra-Cal\u00ae 90 comprim\u00e9s &#8211; 131 g"},"content":{"rendered":"<div class=\"wpb-content-wrapper\"><p>[vc_row row_height_percent=\u00a0\u00bb0&Prime; override_padding=\u00a0\u00bbyes\u00a0\u00bb h_padding=\u00a0\u00bb2&Prime; top_padding=\u00a0\u00bb2&Prime; bottom_padding=\u00a0\u00bb3&Prime; overlay_alpha=\u00a0\u00bb50&Prime; gutter_size=\u00a0\u00bb3&Prime; column_width_percent=\u00a0\u00bb100&Prime; shift_y=\u00a0\u00bb0&Prime; z_index=\u00a0\u00bb0&Prime; content_parallax=\u00a0\u00bb0&Prime; uncode_shortcode_id=\u00a0\u00bb206173&Prime;][vc_column width=\u00a0\u00bb5\/6&Prime;][vc_custom_heading uncode_shortcode_id=\u00a0\u00bb921550&Prime;]Xtra-Cal\u00ae 90 comprim\u00e9s &#8211; 131 g[\/vc_custom_heading][vc_column_text uncode_shortcode_id=\u00a0\u00bb362952&Prime;]Xtra-Cal est un compl\u00e9ment alimentaire riche en calcium, contenant 83 % de la VNR* en calcium, qui contribue au maintien d\u2019une ossature et d\u2019une dentition normales.[\/vc_column_text][\/vc_column][vc_column width=\u00a0\u00bb1\/6&Prime;][vc_button button_color=\u00a0\u00bbaccent\u00a0\u00bb radius=\u00a0\u00bbbtn-circle\u00a0\u00bb outline=\u00a0\u00bbyes\u00a0\u00bb border_width=\u00a0\u00bb0&Prime; uncode_shortcode_id=\u00a0\u00bb450701&Prime; link=\u00a0\u00bburl:https%3A%2F%2Fwww.herbalife.com%2Fassets%2Fmarket-reusable-assets%2Femea%2Ffrance%2Fdocuments%2Fproduct-label%2Fpl-0020-fr.pdf|target:_blank|rel:nofollow\u00a0\u00bb button_color_type=\u00a0\u00bbuncode-palette\u00a0\u00bb icon=\u00a0\u00bbfa fa-list2&Prime;]Ingr\u00e9dients[\/vc_button][\/vc_column][\/vc_row][vc_row unlock_row=\u00a0\u00bb\u00a0\u00bb row_height_percent=\u00a0\u00bb0&Prime; overlay_alpha=\u00a0\u00bb50&Prime; gutter_size=\u00a0\u00bb3&Prime; column_width_percent=\u00a0\u00bb100&Prime; shift_y=\u00a0\u00bb0&Prime; z_index=\u00a0\u00bb0&Prime; content_parallax=\u00a0\u00bb0&Prime; uncode_shortcode_id=\u00a0\u00bb192300&Prime;][vc_column column_width_percent=\u00a0\u00bb100&Prime; gutter_size=\u00a0\u00bb3&Prime; back_color=\u00a0\u00bbcolor-536347&Prime; overlay_alpha=\u00a0\u00bb50&Prime; radius=\u00a0\u00bblg\u00a0\u00bb shift_x=\u00a0\u00bb0&Prime; shift_y=\u00a0\u00bb0&Prime; shift_y_down=\u00a0\u00bb0&Prime; z_index=\u00a0\u00bb0&Prime; medium_width=\u00a0\u00bb0&Prime; mobile_width=\u00a0\u00bb0&Prime; width=\u00a0\u00bb1\/1&Prime; uncode_shortcode_id=\u00a0\u00bb105734&Prime; back_color_type=\u00a0\u00bbuncode-palette\u00a0\u00bb][vc_custom_heading uncode_shortcode_id=\u00a0\u00bb920104&Prime;]Les principaux avantages[\/vc_custom_heading][vc_column_text uncode_shortcode_id=\u00a0\u00bb166172&Prime;]\u2022 Riche en calcium, n\u00e9cessaire au maintien d\u2019une ossature et d\u2019une dentition normales<br \/>\n\u2022 Contient 83 % de la VNR* en calcium par jour<br \/>\n\u2022 Contient de la vitamine D, qui contribue \u00e0 l\u2019absorption normale du calcium et au maintien d\u2019une fonction musculaire normale<br \/>\n\u2022 Contient \u00e9galement du magn\u00e9sium, du cuivre, du mangan\u00e8se et du zinc[\/vc_column_text][\/vc_column][\/vc_row][vc_row unlock_row=\u00a0\u00bb\u00a0\u00bb row_height_percent=\u00a0\u00bb0&Prime; override_padding=\u00a0\u00bbyes\u00a0\u00bb h_padding=\u00a0\u00bb2&Prime; top_padding=\u00a0\u00bb4&Prime; bottom_padding=\u00a0\u00bb4&Prime; overlay_alpha=\u00a0\u00bb50&Prime; gutter_size=\u00a0\u00bb3&Prime; column_width_percent=\u00a0\u00bb100&Prime; shift_y=\u00a0\u00bb0&Prime; z_index=\u00a0\u00bb0&Prime; content_parallax=\u00a0\u00bb0&Prime; uncode_shortcode_id=\u00a0\u00bb592932&Prime;][vc_column column_width_percent=\u00a0\u00bb100&Prime; gutter_size=\u00a0\u00bb3&Prime; overlay_alpha=\u00a0\u00bb50&Prime; shift_x=\u00a0\u00bb0&Prime; shift_y=\u00a0\u00bb0&Prime; shift_y_down=\u00a0\u00bb0&Prime; z_index=\u00a0\u00bb0&Prime; medium_width=\u00a0\u00bb0&Prime; mobile_width=\u00a0\u00bb0&Prime; width=\u00a0\u00bb1\/1&Prime; uncode_shortcode_id=\u00a0\u00bb611981&Prime;][vc_icon position=\u00a0\u00bbleft\u00a0\u00bb space_reduced=\u00a0\u00bbyes\u00a0\u00bb display=\u00a0\u00bbinline\u00a0\u00bb icon=\u00a0\u00bbfa fa-book4&Prime; icon_color=\u00a0\u00bbaccent\u00a0\u00bb size=\u00a0\u00bbfa-2x\u00a0\u00bb uncode_shortcode_id=\u00a0\u00bb892137&Prime; icon_color_type=\u00a0\u00bbuncode-palette\u00a0\u00bb title=\u00a0\u00bbUtilisation\u00a0\u00bb][\/vc_icon][vc_column_text uncode_shortcode_id=\u00a0\u00bb201675&Prime;]<\/p>\n<p>Un comprim\u00e9 deux fois par jour, de pr\u00e9f\u00e9rence au cours des repas.<\/p>\n<p>[\/vc_column_text][\/vc_column][\/vc_row]<\/p>\n<\/div>","protected":false},"excerpt":{"rendered":"<p>Compl\u00e9ment alimentaire Xtra-Cal avec 83 % de la VNR en calcium pour des os et des dents solides. Plus vitamine D, magn\u00e9sium, cuivre, mangan\u00e8se &amp; zinc. 131 g pour des os sains !<\/p>\n<p class=\"etikett-ah\"><a href=\"https:\/\/www.herbalife.com\/assets\/market-reusable-assets\/emea\/france\/documents\/product-label\/pl-0020-fr.pdf\" target=\"_blank\" rel=\"noopener\">Ingr\u00e9dients &amp; Valeurs nutritionnelles<\/a><\/p>\n","protected":false},"featured_media":146427,"comment_status":"open","ping_status":"closed","template":"","meta":[],"product_brand":[],"product_cat":[301,293],"product_tag":[],"class_list":{"0":"post-146425","1":"product","2":"type-product","3":"status-publish","4":"has-post-thumbnail","6":"product_cat-complements-alimentaires","7":"product_cat-micronutriments","8":"pa_inhaltsmenge-131-g","10":"first","11":"instock","12":"sale","13":"taxable","14":"shipping-taxable","15":"purchasable","16":"product-type-simple"},"_links":{"self":[{"href":"https:\/\/www.herbashopping.eu\/fr\/wp-json\/wp\/v2\/product\/146425","targetHints":{"allow":["GET"]}}],"collection":[{"href":"https:\/\/www.herbashopping.eu\/fr\/wp-json\/wp\/v2\/product"}],"about":[{"href":"https:\/\/www.herbashopping.eu\/fr\/wp-json\/wp\/v2\/types\/product"}],"replies":[{"embeddable":true,"href":"https:\/\/www.herbashopping.eu\/fr\/wp-json\/wp\/v2\/comments?post=146425"}],"wp:featuredmedia":[{"embeddable":true,"href":"https:\/\/www.herbashopping.eu\/fr\/wp-json\/wp\/v2\/media\/146427"}],"wp:attachment":[{"href":"https:\/\/www.herbashopping.eu\/fr\/wp-json\/wp\/v2\/media?parent=146425"}],"wp:term":[{"taxonomy":"product_brand","embeddable":true,"href":"https:\/\/www.herbashopping.eu\/fr\/wp-json\/wp\/v2\/product_brand?post=146425"},{"taxonomy":"product_cat","embeddable":true,"href":"https:\/\/www.herbashopping.eu\/fr\/wp-json\/wp\/v2\/product_cat?post=146425"},{"taxonomy":"product_tag","embeddable":true,"href":"https:\/\/www.herbashopping.eu\/fr\/wp-json\/wp\/v2\/product_tag?post=146425"}],"curies":[{"name":"wp","href":"https:\/\/api.w.org\/{rel}","templated":true}]}}