{"id":146428,"date":"2026-02-25T18:33:55","date_gmt":"2026-02-25T17:33:55","guid":{"rendered":"https:\/\/www.herbashopping.eu\/produkt\/complexe-de-vitamines-et-mineraux-pour-hommes-843-g\/"},"modified":"2026-04-03T14:59:01","modified_gmt":"2026-04-03T12:59:01","slug":"formula-2-complexe-vitamines-et-mineraux-homme-60-comprimes-85-3-g","status":"publish","type":"product","link":"https:\/\/www.herbashopping.eu\/fr\/produit\/formula-2-complexe-vitamines-et-mineraux-homme-60-comprimes-85-3-g\/","title":{"rendered":"Formula 2 Complexe vitamines et min\u00e9raux homme 60 comprim\u00e9s \u2013 85.3 g"},"content":{"rendered":"<div class=\"wpb-content-wrapper\"><p>[vc_row row_height_percent=\u00a0\u00bb0&Prime; override_padding=\u00a0\u00bbyes\u00a0\u00bb h_padding=\u00a0\u00bb2&Prime; top_padding=\u00a0\u00bb2&Prime; bottom_padding=\u00a0\u00bb3&Prime; overlay_alpha=\u00a0\u00bb50&Prime; gutter_size=\u00a0\u00bb3&Prime; column_width_percent=\u00a0\u00bb100&Prime; shift_y=\u00a0\u00bb0&Prime; z_index=\u00a0\u00bb0&Prime; content_parallax=\u00a0\u00bb0&Prime; uncode_shortcode_id=\u00a0\u00bb206173&Prime;][vc_column width=\u00a0\u00bb5\/6&Prime;][vc_custom_heading uncode_shortcode_id=\u00a0\u00bb107487&Prime;]Complexe de vitamines et min\u00e9raux pour hommes 85,3 g[\/vc_custom_heading][vc_column_text uncode_shortcode_id=\u00a0\u00bb206059&Prime;]Voici Formula 2 &#8211; Complexe vitamines &amp; min\u00e9raux homme, qui fournit 24 nutriments pour apporter \u00e0 votre corps ce dont il a besoin. Il contient une quantit\u00e9 ad\u00e9quate de vitamines et min\u00e9raux essentiels pour cibler les besoins sp\u00e9cifiques des hommes au quotidien.<\/p>\n<p><strong>Principaux Avantages<\/strong><br \/>\nApports essentiels:<\/p>\n<p>\u2022 Adapt\u00e9 aux besoins sp\u00e9cifiques des hommes.<br \/>\n\u2022 Apporte la quantit\u00e9 significative en vitamines et en nutriments cl\u00e9s dont votre corps \u00e0 besoin.<br \/>\n\u2022 Fait l\u2019objet de 71 all\u00e9gations individuelles autoris\u00e9es en EU.<br \/>\n\u2022 D\u00e9velopp\u00e9 par des experts en nutrition et soutenus par la science.<br \/>\n\u2022 D\u00e9velopp\u00e9 pour \u00eatre associ\u00e9 au Shake de Formula 1 Herbalife<br \/>\n\u2022 Contient des vitamines A et C, qui contribuent au fonctionnement normal du syst\u00e8me immunitaire.<br \/>\n\u2022 Comprend du magn\u00e9sium qui contribue \u00e0 la fonction musculaire normale.<br \/>\n\u2022 Contient de la riboflavine qui contribue \u00e0 un m\u00e9tabolisme \u00e9nerg\u00e9tique normal.<br \/>\n\u2022 Contient de l\u2019acide pantoth\u00e9nique (la vitamine B5) qui contribue \u00e0 des performances intellectuelles normales.<\/p>\n<p><strong>En bref<\/strong><br \/>\nLe saviez-vous ?<\/p>\n<p>Pourquoi est-il int\u00e9ressant de prendre r\u00e9guli\u00e8rement un compl\u00e9ment alimentaire multivitamin\u00e9 ?<\/p>\n<p>Les micronutriments jouent un r\u00f4le crucial dans le fonctionnement normal de l\u2019organisme qui peut affecter notre forme et nos performances.<br \/>\nDe nombreuses personnes n\u2019atteignent pas les apports recommand\u00e9s. Un compl\u00e9ment alimentaire multivitamin\u00e9 peut aider \u00e0 atteindre les recommandations en micronutriments.*<br \/>\n[*Source : Troesch et al., 2012]<\/p>\n<p>Pourquoi est-il int\u00e9ressant de prendre r\u00e9guli\u00e8rement des compl\u00e9ments adapt\u00e9s selon que vous \u00eates un homme ou une femme ?<\/p>\n<p>Les diff\u00e9rences entre les hommes et les femmes en mati\u00e8re de taille, de m\u00e9tabolisme et de physiologie font que leurs besoins en vitamines et min\u00e9raux ne sont pas les m\u00eames.<\/p>\n<p>Selon le pays, par exemple, jusqu\u2019\u00e0 4 hommes sur 10 ne consomment pas suffisamment de vitamine A et ils en ont plus besoin que les femmes.<br \/>\n[Source : Mensink et al., 2013; EFSA, 2015]<\/p>\n<p>*\u00c0 consommer dans le cadre d&rsquo;une alimentation vari\u00e9e et \u00e9quilibr\u00e9e et d&rsquo;un mode de vie sain.[\/vc_column_text][\/vc_column][vc_column width=\u00a0\u00bb1\/6&Prime;][vc_button button_color=\u00a0\u00bbaccent\u00a0\u00bb radius=\u00a0\u00bbbtn-circle\u00a0\u00bb outline=\u00a0\u00bbyes\u00a0\u00bb border_width=\u00a0\u00bb0&Prime; uncode_shortcode_id=\u00a0\u00bb773355&Prime; link=\u00a0\u00bburl:https%3A%2F%2Fwww.herbalife.com%2Fassets%2Fmarket-reusable-assets%2Femea%2Ffrance%2Fdocuments%2Fproduct-label%2Fpl-2145-fr.pdf|target:_blank|rel:nofollow\u00a0\u00bb button_color_type=\u00a0\u00bbuncode-palette\u00a0\u00bb icon=\u00a0\u00bbfa fa-list2&Prime;]Ingr\u00e9dients[\/vc_button][\/vc_column][\/vc_row]<\/p>\n<\/div>","protected":false},"excerpt":{"rendered":"<p>Complexe de vitamines et min\u00e9raux de haute qualit\u00e9 sp\u00e9cialement pour hommes &#8211; 85,3 g pour un apport nutritionnel optimal. Renforce le syst\u00e8me immunitaire et l&rsquo;\u00e9nergie. Commandez maintenant !<\/p>\n<p class=\"etikett-ah\"><a href=\"https:\/\/www.herbalife.com\/assets\/market-reusable-assets\/emea\/france\/documents\/product-label\/pl-2145-fr.pdf\" target=\"_blank\" rel=\"noopener\">Ingr\u00e9dients &amp; Valeurs nutritionnelles<\/a><\/p>\n","protected":false},"featured_media":146436,"comment_status":"open","ping_status":"closed","template":"","meta":[],"product_brand":[],"product_cat":[301,293,298],"product_tag":[],"class_list":{"0":"post-146428","1":"product","2":"type-product","3":"status-publish","4":"has-post-thumbnail","6":"product_cat-complements-alimentaires","7":"product_cat-micronutriments","8":"product_cat-produits-de-base","9":"pa_inhaltsmenge-843-g","11":"first","12":"instock","13":"sale","14":"taxable","15":"shipping-taxable","16":"purchasable","17":"product-type-simple"},"_links":{"self":[{"href":"https:\/\/www.herbashopping.eu\/fr\/wp-json\/wp\/v2\/product\/146428","targetHints":{"allow":["GET"]}}],"collection":[{"href":"https:\/\/www.herbashopping.eu\/fr\/wp-json\/wp\/v2\/product"}],"about":[{"href":"https:\/\/www.herbashopping.eu\/fr\/wp-json\/wp\/v2\/types\/product"}],"replies":[{"embeddable":true,"href":"https:\/\/www.herbashopping.eu\/fr\/wp-json\/wp\/v2\/comments?post=146428"}],"wp:featuredmedia":[{"embeddable":true,"href":"https:\/\/www.herbashopping.eu\/fr\/wp-json\/wp\/v2\/media\/146436"}],"wp:attachment":[{"href":"https:\/\/www.herbashopping.eu\/fr\/wp-json\/wp\/v2\/media?parent=146428"}],"wp:term":[{"taxonomy":"product_brand","embeddable":true,"href":"https:\/\/www.herbashopping.eu\/fr\/wp-json\/wp\/v2\/product_brand?post=146428"},{"taxonomy":"product_cat","embeddable":true,"href":"https:\/\/www.herbashopping.eu\/fr\/wp-json\/wp\/v2\/product_cat?post=146428"},{"taxonomy":"product_tag","embeddable":true,"href":"https:\/\/www.herbashopping.eu\/fr\/wp-json\/wp\/v2\/product_tag?post=146428"}],"curies":[{"name":"wp","href":"https:\/\/api.w.org\/{rel}","templated":true}]}}