{"id":146430,"date":"2026-02-25T18:33:55","date_gmt":"2026-02-25T17:33:55","guid":{"rendered":"https:\/\/www.herbashopping.eu\/produkt\/complexe-vitamines-mineraux-pour-femmes-843-g\/"},"modified":"2026-04-03T14:59:01","modified_gmt":"2026-04-03T12:59:01","slug":"formula-2-complexe-vitamines-et-mineraux-femme-60-comprimes-85-3-g","status":"publish","type":"product","link":"https:\/\/www.herbashopping.eu\/fr\/produit\/formula-2-complexe-vitamines-et-mineraux-femme-60-comprimes-85-3-g\/","title":{"rendered":"Complexe vitamines &amp; min\u00e9raux pour femmes 84,3 g"},"content":{"rendered":"<div class=\"wpb-content-wrapper\"><p>[vc_row row_height_percent=\u00a0\u00bb0&Prime; override_padding=\u00a0\u00bbyes\u00a0\u00bb h_padding=\u00a0\u00bb2&Prime; top_padding=\u00a0\u00bb2&Prime; bottom_padding=\u00a0\u00bb3&Prime; overlay_alpha=\u00a0\u00bb50&Prime; gutter_size=\u00a0\u00bb3&Prime; column_width_percent=\u00a0\u00bb100&Prime; shift_y=\u00a0\u00bb0&Prime; z_index=\u00a0\u00bb0&Prime; content_parallax=\u00a0\u00bb0&Prime; uncode_shortcode_id=\u00a0\u00bb206173&Prime;][vc_column width=\u00a0\u00bb5\/6&Prime;][vc_custom_heading uncode_shortcode_id=\u00a0\u00bb893322&Prime;]Complexe vitamines &amp; min\u00e9raux pour femmes 84,3 g[\/vc_custom_heading][vc_column_text uncode_shortcode_id=\u00a0\u00bb362952&Prime;]Complexe vitamines &amp; min\u00e9raux pour femmes[\/vc_column_text][\/vc_column][vc_column width=\u00a0\u00bb1\/6&Prime;][vc_button button_color=\u00a0\u00bbaccent\u00a0\u00bb radius=\u00a0\u00bbbtn-circle\u00a0\u00bb outline=\u00a0\u00bbyes\u00a0\u00bb border_width=\u00a0\u00bb0&Prime; uncode_shortcode_id=\u00a0\u00bb223786&Prime; link=\u00a0\u00bburl:https%3A%2F%2Fwww.herbalife.com%2Fassets%2Fmarket-reusable-assets%2Femea%2Faustria%2Fdocuments%2Fproduct-label%2Fpl-2039-at.pdf|target:_blank|rel:nofollow|\u00a0\u00bb button_color_type=\u00a0\u00bbuncode-palette\u00a0\u00bb icon=\u00a0\u00bbfa fa-list2&Prime;]Ingr\u00e9dients[\/vc_button][\/vc_column][\/vc_row]<\/p>\n<\/div>","protected":false},"excerpt":{"rendered":"<p>Complexe complet de vitamines &amp; min\u00e9raux sp\u00e9cialement con\u00e7u pour les femmes \u2013 soutient l\u2019\u00e9nergie, le syst\u00e8me immunitaire et le bien-\u00eatre. 84,3 g pour un apport optimal en nutriments. <\/p>\n<p><a href=\"https:\/\/www.herbalife.com\/assets\/market-reusable-assets\/emea\/austria\/documents\/product-label\/pl-2039-at.pdf\" target=\"_blank\" rel=\"noopener\">Ingr\u00e9dients &amp; Valeurs nutritionnelles<\/a><\/p>\n","protected":false},"featured_media":146437,"comment_status":"open","ping_status":"closed","template":"","meta":[],"product_brand":[],"product_cat":[301,293,298],"product_tag":[],"class_list":{"0":"post-146430","1":"product","2":"type-product","3":"status-publish","4":"has-post-thumbnail","6":"product_cat-complements-alimentaires","7":"product_cat-micronutriments","8":"product_cat-produits-de-base","9":"pa_inhaltsmenge-843-g","11":"first","12":"instock","13":"sale","14":"taxable","15":"shipping-taxable","16":"purchasable","17":"product-type-simple"},"_links":{"self":[{"href":"https:\/\/www.herbashopping.eu\/fr\/wp-json\/wp\/v2\/product\/146430","targetHints":{"allow":["GET"]}}],"collection":[{"href":"https:\/\/www.herbashopping.eu\/fr\/wp-json\/wp\/v2\/product"}],"about":[{"href":"https:\/\/www.herbashopping.eu\/fr\/wp-json\/wp\/v2\/types\/product"}],"replies":[{"embeddable":true,"href":"https:\/\/www.herbashopping.eu\/fr\/wp-json\/wp\/v2\/comments?post=146430"}],"wp:featuredmedia":[{"embeddable":true,"href":"https:\/\/www.herbashopping.eu\/fr\/wp-json\/wp\/v2\/media\/146437"}],"wp:attachment":[{"href":"https:\/\/www.herbashopping.eu\/fr\/wp-json\/wp\/v2\/media?parent=146430"}],"wp:term":[{"taxonomy":"product_brand","embeddable":true,"href":"https:\/\/www.herbashopping.eu\/fr\/wp-json\/wp\/v2\/product_brand?post=146430"},{"taxonomy":"product_cat","embeddable":true,"href":"https:\/\/www.herbashopping.eu\/fr\/wp-json\/wp\/v2\/product_cat?post=146430"},{"taxonomy":"product_tag","embeddable":true,"href":"https:\/\/www.herbashopping.eu\/fr\/wp-json\/wp\/v2\/product_tag?post=146430"}],"curies":[{"name":"wp","href":"https:\/\/api.w.org\/{rel}","templated":true}]}}