{"id":146440,"date":"2026-03-03T17:10:34","date_gmt":"2026-03-03T16:10:34","guid":{"rendered":"https:\/\/www.herbashopping.eu\/produkt\/programme-de-demarrage-minceur-herbalife\/"},"modified":"2026-04-03T14:58:58","modified_gmt":"2026-04-03T12:58:58","slug":"programme-de-demarrage-minceur-herbalife","status":"publish","type":"product","link":"https:\/\/www.herbashopping.eu\/fr\/produit\/programme-de-demarrage-minceur-herbalife\/","title":{"rendered":"Programme de d\u00e9marrage minceur Herbalife"},"content":{"rendered":"<div class=\"wpb-content-wrapper\"><p>[vc_row row_height_percent=\u00a0\u00bb0&Prime; override_padding=\u00a0\u00bbyes\u00a0\u00bb h_padding=\u00a0\u00bb2&Prime; top_padding=\u00a0\u00bb4&Prime; bottom_padding=\u00a0\u00bb3&Prime; overlay_alpha=\u00a0\u00bb50&Prime; gutter_size=\u00a0\u00bb3&Prime; column_width_percent=\u00a0\u00bb100&Prime; shift_y=\u00a0\u00bb0&Prime; z_index=\u00a0\u00bb0&Prime; content_parallax=\u00a0\u00bb0&Prime; uncode_shortcode_id=\u00a0\u00bb206173&Prime;][vc_column width=\u00a0\u00bb1\/1&Prime;][vc_custom_heading auto_text=\u00a0\u00bbyes\u00a0\u00bb uncode_shortcode_id=\u00a0\u00bb781660&Prime;]Nettoyant visage gel r\u00e9novateur HL\/Skin 147 ml[\/vc_custom_heading][vc_column_text uncode_shortcode_id=\u00a0\u00bb213599&Prime;]<strong>L&rsquo;\u00e9quilibre est la cl\u00e9 du contr\u00f4le du poids.<\/strong><\/p>\n<p>Avec ce programme Herbalife, tu fais un premier pas. Limite ton apport calorique.<\/p>\n<p>Ce programme Herbalife t&rsquo;apporte des prot\u00e9ines de soja suppl\u00e9mentaires, des glucides, des vitamines\/min\u00e9raux et des fibres.<br \/>\nHerbalife Formula 1 Shake ou Herbalife Express Barre t&rsquo;aide \u00e0 couvrir plus facilement tes besoins quotidiens en nutriments essentiels. Avec des proportions parfaitement \u00e9quilibr\u00e9es de prot\u00e9ines de soja et de lait de haute qualit\u00e9, de micronutriments essentiels ainsi que de plantes et substances v\u00e9g\u00e9tales suppl\u00e9mentaires.<\/p>\n<p>La Boisson Multi-Fibres est un moyen d\u00e9licieux et simple pour augmenter ton apport quotidien en fibres.<\/p>\n<p>Un m\u00e9lange unique sans sucre* de fibres solubles et insolubles. La Boisson Multi-Fibres contient 6 sources naturelles de fibres \u2013 pomme, avoine, ma\u00efs, agrumes, chicor\u00e9e et soja.<br \/>\nM\u00e9lange 1 dosette (6,8 g) avec 150 ml d&rsquo;eau ou ajoute une dosette \u00e0 ton shake pr\u00e9f\u00e9r\u00e9, m\u00e9lange et savoure.<br \/>\n(Dosette non incluse)[\/vc_column_text][\/vc_column][\/vc_row][vc_row unlock_row=\u00a0\u00bb\u00a0\u00bb row_height_percent=\u00a0\u00bb0&Prime; override_padding=\u00a0\u00bbyes\u00a0\u00bb h_padding=\u00a0\u00bb2&Prime; top_padding=\u00a0\u00bb4&Prime; bottom_padding=\u00a0\u00bb4&Prime; overlay_alpha=\u00a0\u00bb50&Prime; gutter_size=\u00a0\u00bb3&Prime; column_width_percent=\u00a0\u00bb100&Prime; shift_y=\u00a0\u00bb0&Prime; z_index=\u00a0\u00bb0&Prime; content_parallax=\u00a0\u00bb0&Prime; uncode_shortcode_id=\u00a0\u00bb592932&Prime;][vc_column column_width_percent=\u00a0\u00bb100&Prime; gutter_size=\u00a0\u00bb3&Prime; overlay_alpha=\u00a0\u00bb50&Prime; shift_x=\u00a0\u00bb0&Prime; shift_y=\u00a0\u00bb0&Prime; shift_y_down=\u00a0\u00bb0&Prime; z_index=\u00a0\u00bb0&Prime; medium_width=\u00a0\u00bb0&Prime; mobile_width=\u00a0\u00bb0&Prime; width=\u00a0\u00bb1\/1&Prime; uncode_shortcode_id=\u00a0\u00bb611981&Prime;][vc_icon position=\u00a0\u00bbleft\u00a0\u00bb space_reduced=\u00a0\u00bbyes\u00a0\u00bb display=\u00a0\u00bbinline\u00a0\u00bb icon=\u00a0\u00bbfa fa-book4&Prime; icon_color=\u00a0\u00bbaccent\u00a0\u00bb size=\u00a0\u00bbfa-2x\u00a0\u00bb uncode_shortcode_id=\u00a0\u00bb892137&Prime; icon_color_type=\u00a0\u00bbuncode-palette\u00a0\u00bb title=\u00a0\u00bbUtilisation\u00a0\u00bb][\/vc_icon][vc_column_text uncode_shortcode_id=\u00a0\u00bb419471&Prime;]M\u00e9lange 1 dosette (6,8 g) avec 150 ml d&rsquo;eau ou ajoute une dosette \u00e0 ton shake pr\u00e9f\u00e9r\u00e9, m\u00e9lange et savoure.<br \/>\n(Dosette non incluse)[\/vc_column_text][\/vc_column][\/vc_row]<\/p>\n<\/div>","protected":false},"excerpt":{"rendered":"<p><strong>Le programme de d\u00e9marrage contient :<\/strong><\/p>\n<p>2x Herbalife Formula 1 Shake, parfum au choix<br \/>\n1x Herbalife Boisson Multi-Fibres 204 g<\/p>\n","protected":false},"featured_media":145668,"comment_status":"open","ping_status":"closed","template":"","meta":[],"product_brand":[],"product_cat":[277,307],"product_tag":[],"class_list":{"0":"post-146440","1":"product","2":"type-product","3":"status-publish","4":"has-post-thumbnail","6":"product_cat-non-classe","7":"product_cat-programmes-de-demarrage","9":"first","10":"instock","11":"sale","12":"taxable","13":"shipping-taxable","14":"purchasable","15":"product-type-woosb"},"_links":{"self":[{"href":"https:\/\/www.herbashopping.eu\/fr\/wp-json\/wp\/v2\/product\/146440","targetHints":{"allow":["GET"]}}],"collection":[{"href":"https:\/\/www.herbashopping.eu\/fr\/wp-json\/wp\/v2\/product"}],"about":[{"href":"https:\/\/www.herbashopping.eu\/fr\/wp-json\/wp\/v2\/types\/product"}],"replies":[{"embeddable":true,"href":"https:\/\/www.herbashopping.eu\/fr\/wp-json\/wp\/v2\/comments?post=146440"}],"wp:featuredmedia":[{"embeddable":true,"href":"https:\/\/www.herbashopping.eu\/fr\/wp-json\/wp\/v2\/media\/145668"}],"wp:attachment":[{"href":"https:\/\/www.herbashopping.eu\/fr\/wp-json\/wp\/v2\/media?parent=146440"}],"wp:term":[{"taxonomy":"product_brand","embeddable":true,"href":"https:\/\/www.herbashopping.eu\/fr\/wp-json\/wp\/v2\/product_brand?post=146440"},{"taxonomy":"product_cat","embeddable":true,"href":"https:\/\/www.herbashopping.eu\/fr\/wp-json\/wp\/v2\/product_cat?post=146440"},{"taxonomy":"product_tag","embeddable":true,"href":"https:\/\/www.herbashopping.eu\/fr\/wp-json\/wp\/v2\/product_tag?post=146440"}],"curies":[{"name":"wp","href":"https:\/\/api.w.org\/{rel}","templated":true}]}}