{"id":146442,"date":"2026-03-03T17:49:29","date_gmt":"2026-03-03T16:49:29","guid":{"rendered":"https:\/\/www.herbashopping.eu\/produkt\/barres-proteinees-herbalife-14-barres\/"},"modified":"2026-04-03T14:58:58","modified_gmt":"2026-04-03T12:58:58","slug":"barres-aux-proteines-citron-14-barres-de-35-g-2","status":"publish","type":"product","link":"https:\/\/www.herbashopping.eu\/fr\/produit\/barres-aux-proteines-citron-14-barres-de-35-g-2\/","title":{"rendered":"Barres aux Prot\u00e9ines Citron 14 barres de 35 g"},"content":{"rendered":"<div class=\"wpb-content-wrapper\"><p>[vc_row row_height_percent=\u00a0\u00bb0&Prime; override_padding=\u00a0\u00bbyes\u00a0\u00bb h_padding=\u00a0\u00bb2&Prime; top_padding=\u00a0\u00bb4&Prime; bottom_padding=\u00a0\u00bb3&Prime; overlay_alpha=\u00a0\u00bb50&Prime; gutter_size=\u00a0\u00bb3&Prime; column_width_percent=\u00a0\u00bb100&Prime; shift_y=\u00a0\u00bb0&Prime; z_index=\u00a0\u00bb0&Prime; content_parallax=\u00a0\u00bb0&Prime; uncode_shortcode_id=\u00a0\u00bb206173&Prime;][vc_column width=\u00a0\u00bb2\/3&Prime;][vc_custom_heading auto_text=\u00a0\u00bbyes\u00a0\u00bb uncode_shortcode_id=\u00a0\u00bb203945&Prime;]Nettoyant visage gel r\u00e9novateur HL\/Skin 147 ml[\/vc_custom_heading][vc_column_text uncode_shortcode_id=\u00a0\u00bb304186&Prime;]La barre prot\u00e9in\u00e9e offre un d\u00e9licieux m\u00e9lange de go\u00fbt et de nutriments qui t&rsquo;aide \u00e0 augmenter ton apport en prot\u00e9ines.<\/p>\n<p>Cette petite barre contient 10 grammes de prot\u00e9ines et des vitamines essentielles. D\u00e9licieusement croquante, enrob\u00e9e de chocolat au lait onctueux et disponible en 3 saveurs caract\u00e9ristiques, notre barre prot\u00e9in\u00e9e est le snack dont tu as besoin pour satisfaire tes envies.<\/p>\n<p>Cette barre savoureuse est con\u00e7ue pour un confort optimal. Glisse une barre prot\u00e9in\u00e9e dans ton sac ou dans le tiroir de ton bureau pour avoir un snack rapide et pratique. Quand il s&rsquo;agit d&rsquo;augmenter l&rsquo;apport en prot\u00e9ines, rien ne vaut un en-cas rapide pour les d\u00e9placements.[\/vc_column_text][\/vc_column][vc_column width=\u00a0\u00bb1\/3&Prime;][vc_single_image media=\u00a0\u00bb146444&Prime; media_width_percent=\u00a0\u00bb100&Prime; shape=\u00a0\u00bbimg-round\u00a0\u00bb radius=\u00a0\u00bblg\u00a0\u00bb uncode_shortcode_id=\u00a0\u00bb428703&Prime;][\/vc_column][\/vc_row][vc_row unlock_row=\u00a0\u00bb\u00a0\u00bb row_height_percent=\u00a0\u00bb0&Prime; overlay_alpha=\u00a0\u00bb50&Prime; gutter_size=\u00a0\u00bb3&Prime; column_width_percent=\u00a0\u00bb100&Prime; shift_y=\u00a0\u00bb0&Prime; z_index=\u00a0\u00bb0&Prime; content_parallax=\u00a0\u00bb0&Prime; uncode_shortcode_id=\u00a0\u00bb192300&Prime;][vc_column column_width_percent=\u00a0\u00bb100&Prime; gutter_size=\u00a0\u00bb3&Prime; back_color=\u00a0\u00bbcolor-536347&Prime; overlay_alpha=\u00a0\u00bb50&Prime; radius=\u00a0\u00bblg\u00a0\u00bb shift_x=\u00a0\u00bb0&Prime; shift_y=\u00a0\u00bb0&Prime; shift_y_down=\u00a0\u00bb0&Prime; z_index=\u00a0\u00bb0&Prime; medium_width=\u00a0\u00bb0&Prime; mobile_width=\u00a0\u00bb0&Prime; width=\u00a0\u00bb1\/1&Prime; uncode_shortcode_id=\u00a0\u00bb105734&Prime; back_color_type=\u00a0\u00bbuncode-palette\u00a0\u00bb][vc_custom_heading uncode_shortcode_id=\u00a0\u00bb920104&Prime;]Les principaux avantages[\/vc_custom_heading][vc_column_text uncode_shortcode_id=\u00a0\u00bb210277&Prime;]<strong>Barre prot\u00e9in\u00e9e :<\/strong><\/p>\n<ul>\n<li>Fournit 10 g de prot\u00e9ines<\/li>\n<li>Ne contient que 139 kcal<\/li>\n<li>Fournit des vitamines essentielles, dont les vitamines B6 et B12<\/li>\n<li>Enrob\u00e9e de d\u00e9licieux chocolat<\/li>\n<li>Est le snack prot\u00e9in\u00e9 parfait pour les d\u00e9placements<\/li>\n<li>Le paquet contient 14 barres<\/li>\n<\/ul>\n<p>[\/vc_column_text][\/vc_column][\/vc_row][vc_row unlock_row=\u00a0\u00bb\u00a0\u00bb row_height_percent=\u00a0\u00bb0&Prime; override_padding=\u00a0\u00bbyes\u00a0\u00bb h_padding=\u00a0\u00bb2&Prime; top_padding=\u00a0\u00bb4&Prime; bottom_padding=\u00a0\u00bb4&Prime; overlay_alpha=\u00a0\u00bb50&Prime; gutter_size=\u00a0\u00bb3&Prime; column_width_percent=\u00a0\u00bb100&Prime; shift_y=\u00a0\u00bb0&Prime; z_index=\u00a0\u00bb0&Prime; content_parallax=\u00a0\u00bb0&Prime; uncode_shortcode_id=\u00a0\u00bb592932&Prime;][vc_column column_width_percent=\u00a0\u00bb100&Prime; gutter_size=\u00a0\u00bb3&Prime; overlay_alpha=\u00a0\u00bb50&Prime; shift_x=\u00a0\u00bb0&Prime; shift_y=\u00a0\u00bb0&Prime; shift_y_down=\u00a0\u00bb0&Prime; z_index=\u00a0\u00bb0&Prime; medium_width=\u00a0\u00bb0&Prime; mobile_width=\u00a0\u00bb0&Prime; width=\u00a0\u00bb1\/1&Prime; uncode_shortcode_id=\u00a0\u00bb611981&Prime;][vc_icon position=\u00a0\u00bbleft\u00a0\u00bb space_reduced=\u00a0\u00bbyes\u00a0\u00bb display=\u00a0\u00bbinline\u00a0\u00bb icon=\u00a0\u00bbfa fa-book4&Prime; icon_color=\u00a0\u00bbaccent\u00a0\u00bb size=\u00a0\u00bbfa-2x\u00a0\u00bb uncode_shortcode_id=\u00a0\u00bb186666&Prime; icon_color_type=\u00a0\u00bbuncode-palette\u00a0\u00bb title=\u00a0\u00bbConseils dutilisation\u00a0\u00bb][\/vc_icon][vc_column_text uncode_shortcode_id=\u00a0\u00bb948188&Prime;]Une ou deux barres par jour comme snack nutritif. Essaie aussi nos autres d\u00e9licieux snacks riches en prot\u00e9ines pour plus de vari\u00e9t\u00e9.<\/p>\n<p>Profite de ce produit dans le cadre d\u2019une alimentation \u00e9quilibr\u00e9e et vari\u00e9e, et d\u2019un mode de vie sain et actif.<\/p>\n<p>Conserver dans un endroit frais et sec.[\/vc_column_text][\/vc_column][\/vc_row]<\/p>\n<\/div>","protected":false},"excerpt":{"rendered":"<p>SNACKS RICHES EN PROT\u00c9INES<br \/>\nAvec nos snacks riches en prot\u00e9ines, tu peux contr\u00f4ler ta faim et maintenir ton corps approvisionn\u00e9 en prot\u00e9ines et en \u00e9nergie. Que tu aies besoin d&rsquo;un en-cas copieux le matin, envie d&rsquo;une douceur sucr\u00e9e l&rsquo;apr\u00e8s-midi ou d&rsquo;un snack rapide pour les d\u00e9placements, notre s\u00e9lection de barres et de snacks t&rsquo;aide \u00e0 atteindre tes objectifs nutritionnels et \u00e0 rester sur la bonne voie avec ton plan de repas sain.<\/p>\n<p>&nbsp;<\/p>\n","protected":false},"featured_media":146445,"comment_status":"open","ping_status":"closed","template":"","meta":[],"product_brand":[],"product_cat":[309,300,298,292],"product_tag":[385],"class_list":{"0":"post-146442","1":"product","2":"type-product","3":"status-publish","4":"has-post-thumbnail","6":"product_cat-apercu-des-produits","7":"product_cat-controle-de-poids","8":"product_cat-produits-de-base","9":"product_cat-snacks-barres","10":"product_tag-barre","12":"first","13":"instock","14":"sale","15":"taxable","16":"shipping-taxable","17":"purchasable","18":"product-type-variable"},"_links":{"self":[{"href":"https:\/\/www.herbashopping.eu\/fr\/wp-json\/wp\/v2\/product\/146442","targetHints":{"allow":["GET"]}}],"collection":[{"href":"https:\/\/www.herbashopping.eu\/fr\/wp-json\/wp\/v2\/product"}],"about":[{"href":"https:\/\/www.herbashopping.eu\/fr\/wp-json\/wp\/v2\/types\/product"}],"replies":[{"embeddable":true,"href":"https:\/\/www.herbashopping.eu\/fr\/wp-json\/wp\/v2\/comments?post=146442"}],"wp:featuredmedia":[{"embeddable":true,"href":"https:\/\/www.herbashopping.eu\/fr\/wp-json\/wp\/v2\/media\/146445"}],"wp:attachment":[{"href":"https:\/\/www.herbashopping.eu\/fr\/wp-json\/wp\/v2\/media?parent=146442"}],"wp:term":[{"taxonomy":"product_brand","embeddable":true,"href":"https:\/\/www.herbashopping.eu\/fr\/wp-json\/wp\/v2\/product_brand?post=146442"},{"taxonomy":"product_cat","embeddable":true,"href":"https:\/\/www.herbashopping.eu\/fr\/wp-json\/wp\/v2\/product_cat?post=146442"},{"taxonomy":"product_tag","embeddable":true,"href":"https:\/\/www.herbashopping.eu\/fr\/wp-json\/wp\/v2\/product_tag?post=146442"}],"curies":[{"name":"wp","href":"https:\/\/api.w.org\/{rel}","templated":true}]}}